{"id":1832,"date":"2022-09-26T11:47:39","date_gmt":"2022-09-26T11:47:39","guid":{"rendered":"https:\/\/konstruktion.vamtam.com\/?page_id=1832"},"modified":"2022-09-26T11:47:39","modified_gmt":"2022-09-26T11:47:39","slug":"news","status":"publish","type":"page","link":"https:\/\/sembolinsaat.com.tr\/tr\/news\/","title":{"rendered":"News"},"content":{"rendered":"<div data-elementor-type=\"wp-page\" data-elementor-id=\"1832\" class=\"elementor elementor-1832\" data-elementor-post-type=\"page\">\n\t\t\t\t\t\t<section class=\"elementor-section elementor-top-section elementor-element elementor-element-6a31a80 elementor-section-boxed elementor-section-height-default elementor-section-height-default\" data-id=\"6a31a80\" data-element_type=\"section\">\n\t\t\t\t\t\t<div class=\"elementor-container elementor-column-gap-no\">\n\t\t\t\t\t<div class=\"elementor-column elementor-col-50 elementor-top-column elementor-element elementor-element-e914ed6\" data-id=\"e914ed6\" data-element_type=\"column\">\n\t\t\t<div class=\"elementor-widget-wrap elementor-element-populated\">\n\t\t\t\t\t\t<div class=\"elementor-element elementor-element-103d292 elementor-position-right elementor-widget__width-auto elementor-mobile-position-right elementor-widget-mobile__width-auto elementor-vertical-align-middle elementor-view-default elementor-invisible elementor-widget elementor-widget-icon-box\" data-id=\"103d292\" data-element_type=\"widget\" data-settings=\"{&quot;_animation&quot;:&quot;slideInUp&quot;,&quot;_animation_tablet&quot;:&quot;none&quot;}\" data-widget_type=\"icon-box.default\">\n\t\t\t\t<div class=\"elementor-widget-container\">\n\t\t\t\t\t\t\t<div class=\"elementor-icon-box-wrapper\">\n\n\t\t\t\t\t\t<div class=\"elementor-icon-box-icon\">\n\t\t\t\t<span  class=\"elementor-icon\">\n\t\t\t\t<i aria-hidden=\"true\" class=\"vamtamtheme- vamtam-theme-line-titles\"><\/i>\t\t\t\t<\/span>\n\t\t\t<\/div>\n\t\t\t\n\t\t\t\t\t\t<div class=\"elementor-icon-box-content\">\n\n\t\t\t\t\t\t\t\t\t<span class=\"elementor-icon-box-title\">\n\t\t\t\t\t\t<span  >\n\t\t\t\t\t\t\tInsights\t\t\t\t\t\t<\/span>\n\t\t\t\t\t<\/span>\n\t\t\t\t\n\t\t\t\t\n\t\t\t<\/div>\n\t\t\t\n\t\t<\/div>\n\t\t\t\t\t\t<\/div>\n\t\t\t\t<\/div>\n\t\t\t\t\t<\/div>\n\t\t<\/div>\n\t\t\t\t<div class=\"elementor-column elementor-col-50 elementor-top-column elementor-element elementor-element-301cc77\" data-id=\"301cc77\" data-element_type=\"column\">\n\t\t\t<div class=\"elementor-widget-wrap elementor-element-populated\">\n\t\t\t\t\t\t<div class=\"elementor-element elementor-element-7ad7e7a elementor-widget elementor-widget-text-editor\" data-id=\"7ad7e7a\" data-element_type=\"widget\" data-widget_type=\"text-editor.default\">\n\t\t\t\t<div class=\"elementor-widget-container\">\n\t\t\t\t\t\t\t\t\tOur people are dedicated to finding solutions to every challenge. That spirit makes for some great stories.\t\t\t\t\t\t\t\t<\/div>\n\t\t\t\t<\/div>\n\t\t\t\t\t<\/div>\n\t\t<\/div>\n\t\t\t\t\t<\/div>\n\t\t<\/section>\n\t\t\t\t<section class=\"elementor-section elementor-top-section elementor-element elementor-element-0a8470e elementor-hidden-mobile elementor-section-boxed elementor-section-height-default elementor-section-height-default\" data-id=\"0a8470e\" data-element_type=\"section\">\n\t\t\t\t\t\t<div class=\"elementor-container elementor-column-gap-no\">\n\t\t\t\t\t<div class=\"elementor-column elementor-col-100 elementor-top-column elementor-element elementor-element-37ae6e4\" data-id=\"37ae6e4\" data-element_type=\"column\">\n\t\t\t<div class=\"elementor-widget-wrap elementor-element-populated\">\n\t\t\t\t\t\t<div class=\"vamtam-has-theme-widget-styles elementor-element elementor-element-92b422b elementor-grid-1 elementor-posts--thumbnail-right elementor-grid-tablet-1 elementor-grid-mobile-1 vamtam-has-title-underline-anim elementor-widget elementor-widget-posts\" data-id=\"92b422b\" data-element_type=\"widget\" data-settings=\"{&quot;vamtam_classic_columns&quot;:&quot;1&quot;,&quot;vamtam_classic_row_gap&quot;:{&quot;unit&quot;:&quot;px&quot;,&quot;size&quot;:0,&quot;sizes&quot;:[]},&quot;vamtam_classic_columns_tablet&quot;:&quot;1&quot;,&quot;vamtam_classic_columns_mobile&quot;:&quot;1&quot;,&quot;vamtam_classic_row_gap_tablet&quot;:{&quot;unit&quot;:&quot;px&quot;,&quot;size&quot;:&quot;&quot;,&quot;sizes&quot;:[]},&quot;vamtam_classic_row_gap_mobile&quot;:{&quot;unit&quot;:&quot;px&quot;,&quot;size&quot;:&quot;&quot;,&quot;sizes&quot;:[]}}\" data-widget_type=\"posts.vamtam_classic\">\n\t\t\t\t<div class=\"elementor-widget-container\">\n\t\t\t\t\t\t\t<div class=\"elementor-posts-container elementor-posts elementor-posts--skin-vamtam_classic elementor-grid\">\n\t\t\t\t<article class=\"elementor-post elementor-grid-item post-989126 post type-post status-publish format-standard has-post-thumbnail hentry category-projects category-uncategorized tag-hotels-resorts\">\n\t\t\t\t<a class=\"elementor-post__thumbnail__link\" href=\"https:\/\/sembolinsaat.com.tr\/tr\/nickelodeon-hotels-resorts-antalya\/\" tabindex=\"-1\" >\n\t\t\t<div class=\"elementor-post__thumbnail\"><img fetchpriority=\"high\" decoding=\"async\" width=\"2560\" height=\"1707\" src=\"https:\/\/sembolinsaat.com.tr\/wp-content\/uploads\/2025\/05\/Hotel-General-13-scaled.jpg\" class=\"attachment-full size-full wp-image-989133\" alt=\"\" srcset=\"https:\/\/sembolinsaat.com.tr\/wp-content\/uploads\/2025\/05\/Hotel-General-13-scaled.jpg 2560w, https:\/\/sembolinsaat.com.tr\/wp-content\/uploads\/2025\/05\/Hotel-General-13-300x200.jpg 300w, https:\/\/sembolinsaat.com.tr\/wp-content\/uploads\/2025\/05\/Hotel-General-13-1024x683.jpg 1024w, https:\/\/sembolinsaat.com.tr\/wp-content\/uploads\/2025\/05\/Hotel-General-13-768x512.jpg 768w, https:\/\/sembolinsaat.com.tr\/wp-content\/uploads\/2025\/05\/Hotel-General-13-1536x1024.jpg 1536w, https:\/\/sembolinsaat.com.tr\/wp-content\/uploads\/2025\/05\/Hotel-General-13-2048x1365.jpg 2048w, https:\/\/sembolinsaat.com.tr\/wp-content\/uploads\/2025\/05\/Hotel-General-13-18x12.jpg 18w\" sizes=\"(max-width: 2560px) 100vw, 2560px\" \/><\/div>\n\t\t<\/a>\n\t\t\t\t<div class=\"elementor-post__text\">\n\t\t\t\t<h3 class=\"elementor-post__title\">\n\t\t\t<a href=\"https:\/\/sembolinsaat.com.tr\/tr\/nickelodeon-hotels-resorts-antalya\/\" >\n\t\t\t\tNickelodeon Hotels &amp; Resorts Antalya\t\t\t<\/a>\n\t\t<\/h3>\n\t\t\t\t<div class=\"elementor-post__excerpt\">\n\t\t\t<p>Project Nickelodeon Hotels &amp; Resorts Antalya Sqm 47.000 Location Antalya \/ T\u00fcrkiye<\/p>\n\t\t<\/div>\n\t\t\t\t<\/div>\n\t\t\t\t<\/article>\n\t\t\t\t<\/div>\n\t\t\n\t\t\t\t\t\t<\/div>\n\t\t\t\t<\/div>\n\t\t\t\t\t<\/div>\n\t\t<\/div>\n\t\t\t\t\t<\/div>\n\t\t<\/section>\n\t\t\t\t<section class=\"elementor-section elementor-top-section elementor-element elementor-element-30198cd elementor-hidden-desktop elementor-hidden-tablet elementor-section-boxed elementor-section-height-default elementor-section-height-default\" data-id=\"30198cd\" data-element_type=\"section\">\n\t\t\t\t\t\t<div class=\"elementor-container elementor-column-gap-no\">\n\t\t\t\t\t<div class=\"elementor-column elementor-col-100 elementor-top-column elementor-element elementor-element-32903ae\" data-id=\"32903ae\" data-element_type=\"column\">\n\t\t\t<div class=\"elementor-widget-wrap elementor-element-populated\">\n\t\t\t\t\t\t<div class=\"vamtam-has-theme-widget-styles elementor-element elementor-element-b4548f6 elementor-grid-1 elementor-grid-tablet-1 elementor-grid-mobile-1 elementor-posts--thumbnail-top vamtam-has-title-underline-anim vamtam-has-read-more-theme-style elementor-widget elementor-widget-posts\" data-id=\"b4548f6\" data-element_type=\"widget\" data-settings=\"{&quot;vamtam_classic_columns&quot;:&quot;1&quot;,&quot;vamtam_classic_row_gap&quot;:{&quot;unit&quot;:&quot;px&quot;,&quot;size&quot;:0,&quot;sizes&quot;:[]},&quot;vamtam_classic_columns_tablet&quot;:&quot;1&quot;,&quot;vamtam_classic_columns_mobile&quot;:&quot;1&quot;,&quot;vamtam_classic_row_gap_tablet&quot;:{&quot;unit&quot;:&quot;px&quot;,&quot;size&quot;:&quot;&quot;,&quot;sizes&quot;:[]},&quot;vamtam_classic_row_gap_mobile&quot;:{&quot;unit&quot;:&quot;px&quot;,&quot;size&quot;:&quot;&quot;,&quot;sizes&quot;:[]}}\" data-widget_type=\"posts.vamtam_classic\">\n\t\t\t\t<div class=\"elementor-widget-container\">\n\t\t\t\t\t\t\t<div class=\"elementor-posts-container elementor-posts elementor-posts--skin-vamtam_classic elementor-grid\">\n\t\t\t\t<article class=\"elementor-post elementor-grid-item post-989126 post type-post status-publish format-standard has-post-thumbnail hentry category-projects category-uncategorized tag-hotels-resorts\">\n\t\t\t\t<a class=\"elementor-post__thumbnail__link\" href=\"https:\/\/sembolinsaat.com.tr\/tr\/nickelodeon-hotels-resorts-antalya\/\" tabindex=\"-1\" >\n\t\t\t<div class=\"elementor-post__thumbnail\"><img fetchpriority=\"high\" decoding=\"async\" width=\"2560\" height=\"1707\" src=\"https:\/\/sembolinsaat.com.tr\/wp-content\/uploads\/2025\/05\/Hotel-General-13-scaled.jpg\" class=\"attachment-full size-full wp-image-989133\" alt=\"\" srcset=\"https:\/\/sembolinsaat.com.tr\/wp-content\/uploads\/2025\/05\/Hotel-General-13-scaled.jpg 2560w, https:\/\/sembolinsaat.com.tr\/wp-content\/uploads\/2025\/05\/Hotel-General-13-300x200.jpg 300w, https:\/\/sembolinsaat.com.tr\/wp-content\/uploads\/2025\/05\/Hotel-General-13-1024x683.jpg 1024w, https:\/\/sembolinsaat.com.tr\/wp-content\/uploads\/2025\/05\/Hotel-General-13-768x512.jpg 768w, https:\/\/sembolinsaat.com.tr\/wp-content\/uploads\/2025\/05\/Hotel-General-13-1536x1024.jpg 1536w, https:\/\/sembolinsaat.com.tr\/wp-content\/uploads\/2025\/05\/Hotel-General-13-2048x1365.jpg 2048w, https:\/\/sembolinsaat.com.tr\/wp-content\/uploads\/2025\/05\/Hotel-General-13-18x12.jpg 18w\" sizes=\"(max-width: 2560px) 100vw, 2560px\" \/><\/div>\n\t\t<\/a>\n\t\t\t\t<div class=\"elementor-post__text\">\n\t\t\t\t<h3 class=\"elementor-post__title\">\n\t\t\t<a href=\"https:\/\/sembolinsaat.com.tr\/tr\/nickelodeon-hotels-resorts-antalya\/\" >\n\t\t\t\tNickelodeon Hotels &amp; Resorts Antalya\t\t\t<\/a>\n\t\t<\/h3>\n\t\t\t\t<div class=\"elementor-post__excerpt\">\n\t\t\t<p>Project Nickelodeon Hotels &amp; Resorts Antalya Sqm 47.000 Location Antalya \/ T\u00fcrkiye<\/p>\n\t\t<\/div>\n\t\t\t\t<\/div>\n\t\t\t\t<\/article>\n\t\t\t\t<\/div>\n\t\t\n\t\t\t\t\t\t<\/div>\n\t\t\t\t<\/div>\n\t\t\t\t\t<\/div>\n\t\t<\/div>\n\t\t\t\t\t<\/div>\n\t\t<\/section>\n\t\t\t\t<section class=\"elementor-section elementor-top-section elementor-element elementor-element-21cbecd elementor-section-boxed elementor-section-height-default elementor-section-height-default\" data-id=\"21cbecd\" data-element_type=\"section\">\n\t\t\t\t\t\t<div class=\"elementor-container elementor-column-gap-no\">\n\t\t\t\t\t<div class=\"elementor-column elementor-col-100 elementor-top-column elementor-element elementor-element-d64f8a4\" data-id=\"d64f8a4\" data-element_type=\"column\">\n\t\t\t<div class=\"elementor-widget-wrap elementor-element-populated\">\n\t\t\t\t\t\t<div class=\"vamtam-has-theme-widget-styles elementor-element elementor-element-197499d elementor-grid-tablet-3 elementor-grid-3 elementor-grid-mobile-1 elementor-posts--thumbnail-top vamtam-has-title-underline-anim vamtam-has-read-more-theme-style load-more-align-center elementor-widget elementor-widget-posts\" data-id=\"197499d\" data-element_type=\"widget\" data-settings=\"{&quot;vamtam_classic_columns_tablet&quot;:&quot;3&quot;,&quot;vamtam_classic_row_gap&quot;:{&quot;unit&quot;:&quot;px&quot;,&quot;size&quot;:80,&quot;sizes&quot;:[]},&quot;vamtam_classic_row_gap_tablet&quot;:{&quot;unit&quot;:&quot;px&quot;,&quot;size&quot;:30,&quot;sizes&quot;:[]},&quot;vamtam_classic_row_gap_mobile&quot;:{&quot;unit&quot;:&quot;px&quot;,&quot;size&quot;:35,&quot;sizes&quot;:[]},&quot;pagination_type&quot;:&quot;load_more_on_click&quot;,&quot;vamtam_classic_columns&quot;:&quot;3&quot;,&quot;vamtam_classic_columns_mobile&quot;:&quot;1&quot;,&quot;load_more_spinner&quot;:{&quot;value&quot;:&quot;fas fa-spinner&quot;,&quot;library&quot;:&quot;fa-solid&quot;}}\" data-widget_type=\"posts.vamtam_classic\">\n\t\t\t\t<div class=\"elementor-widget-container\">\n\t\t\t\t\t\t\t<div class=\"elementor-posts-container elementor-posts elementor-posts--skin-vamtam_classic elementor-grid\">\n\t\t\t\t<article class=\"elementor-post elementor-grid-item post-2509 post type-post status-publish format-standard has-post-thumbnail hentry category-report tag-awards tag-innovations tag-project\">\n\t\t\t\t<a class=\"elementor-post__thumbnail__link\" href=\"https:\/\/sembolinsaat.com.tr\/tr\/our-aproach-to-to-sustainability\/\" tabindex=\"-1\" >\n\t\t\t<div class=\"elementor-post__thumbnail\"><img decoding=\"async\" width=\"941\" height=\"1125\" src=\"https:\/\/sembolinsaat.com.tr\/wp-content\/uploads\/2022\/10\/GettyImages-1198057584-1.jpg\" class=\"attachment-full size-full wp-image-12717\" alt=\"\" srcset=\"https:\/\/sembolinsaat.com.tr\/wp-content\/uploads\/2022\/10\/GettyImages-1198057584-1.jpg 941w, https:\/\/sembolinsaat.com.tr\/wp-content\/uploads\/2022\/10\/GettyImages-1198057584-1-251x300.jpg 251w, https:\/\/sembolinsaat.com.tr\/wp-content\/uploads\/2022\/10\/GettyImages-1198057584-1-857x1024.jpg 857w, https:\/\/sembolinsaat.com.tr\/wp-content\/uploads\/2022\/10\/GettyImages-1198057584-1-768x918.jpg 768w\" sizes=\"(max-width: 941px) 100vw, 941px\" \/><\/div>\n\t\t<\/a>\n\t\t\t\t\t<div class=\"elementor-post__meta-data\">\n\t\t\t\t\t\t\t<div class=\"vamtam-post__categories\">\n\t\t\t\t<a href=\"https:\/\/sembolinsaat.com.tr\/tr\/category\/blog\/report\/\" rel=\"category tag\">Report<\/a>\t\t\t<\/div>\n\t\t\t\t\t\t<\/div>\n\t\t\t\t\t<div class=\"elementor-post__text\">\n\t\t\t\t<h3 class=\"elementor-post__title\">\n\t\t\t<a href=\"https:\/\/sembolinsaat.com.tr\/tr\/our-aproach-to-to-sustainability\/\" >\n\t\t\t\tOur aproach to to Sustainability\t\t\t<\/a>\n\t\t<\/h3>\n\t\t\t\t<\/div>\n\t\t\t\t<\/article>\n\t\t\t\t<article class=\"elementor-post elementor-grid-item post-8094 post type-post status-publish format-standard has-post-thumbnail hentry category-report tag-awards tag-innovations tag-project\">\n\t\t\t\t<a class=\"elementor-post__thumbnail__link\" href=\"https:\/\/sembolinsaat.com.tr\/tr\/corporate-social-responsibility-report-2022\/\" tabindex=\"-1\" >\n\t\t\t<div class=\"elementor-post__thumbnail\"><img decoding=\"async\" width=\"674\" height=\"806\" src=\"https:\/\/sembolinsaat.com.tr\/wp-content\/uploads\/2022\/11\/pexels-kindel-media-9800090.jpg\" class=\"attachment-full size-full wp-image-12789\" alt=\"\" srcset=\"https:\/\/sembolinsaat.com.tr\/wp-content\/uploads\/2022\/11\/pexels-kindel-media-9800090.jpg 674w, https:\/\/sembolinsaat.com.tr\/wp-content\/uploads\/2022\/11\/pexels-kindel-media-9800090-251x300.jpg 251w\" sizes=\"(max-width: 674px) 100vw, 674px\" \/><\/div>\n\t\t<\/a>\n\t\t\t\t\t<div class=\"elementor-post__meta-data\">\n\t\t\t\t\t\t\t<div class=\"vamtam-post__categories\">\n\t\t\t\t<a href=\"https:\/\/sembolinsaat.com.tr\/tr\/category\/blog\/report\/\" rel=\"category tag\">Report<\/a>\t\t\t<\/div>\n\t\t\t\t\t\t<\/div>\n\t\t\t\t\t<div class=\"elementor-post__text\">\n\t\t\t\t<h3 class=\"elementor-post__title\">\n\t\t\t<a href=\"https:\/\/sembolinsaat.com.tr\/tr\/corporate-social-responsibility-report-2022\/\" >\n\t\t\t\tCorporate Social Responsibility Report 2022\t\t\t<\/a>\n\t\t<\/h3>\n\t\t\t\t<\/div>\n\t\t\t\t<\/article>\n\t\t\t\t<article class=\"elementor-post elementor-grid-item post-8091 post type-post status-publish format-standard hentry category-community tag-awards tag-innovations tag-project tag-sustainability\">\n\t\t\t\t\t<div class=\"elementor-post__meta-data\">\n\t\t\t\t\t\t\t<div class=\"vamtam-post__categories\">\n\t\t\t\t<a href=\"https:\/\/sembolinsaat.com.tr\/tr\/category\/blog\/community\/\" rel=\"category tag\">Community<\/a>\t\t\t<\/div>\n\t\t\t\t\t\t<\/div>\n\t\t\t\t\t<div class=\"elementor-post__text\">\n\t\t\t\t<h3 class=\"elementor-post__title\">\n\t\t\t<a href=\"https:\/\/sembolinsaat.com.tr\/tr\/solving-the-puzzle-of-sustainability-in-higher-education-construction-3\/\" >\n\t\t\t\tSolving the puzzle of sustainability in higher education construction\t\t\t<\/a>\n\t\t<\/h3>\n\t\t\t\t<\/div>\n\t\t\t\t<\/article>\n\t\t\t\t<article class=\"elementor-post elementor-grid-item post-8088 post type-post status-publish format-standard has-post-thumbnail hentry category-community tag-awards tag-innovations tag-project\">\n\t\t\t\t<a class=\"elementor-post__thumbnail__link\" href=\"https:\/\/sembolinsaat.com.tr\/tr\/thompson-hollywood-hotel-awarded-best-commercial-project-at-pacific-coast\/\" tabindex=\"-1\" >\n\t\t\t<div class=\"elementor-post__thumbnail\"><img loading=\"lazy\" decoding=\"async\" width=\"674\" height=\"806\" src=\"https:\/\/sembolinsaat.com.tr\/wp-content\/uploads\/2022\/11\/pexels-matheus-viana-2414036-1.jpg\" class=\"attachment-full size-full wp-image-12788\" alt=\"\" srcset=\"https:\/\/sembolinsaat.com.tr\/wp-content\/uploads\/2022\/11\/pexels-matheus-viana-2414036-1.jpg 674w, https:\/\/sembolinsaat.com.tr\/wp-content\/uploads\/2022\/11\/pexels-matheus-viana-2414036-1-251x300.jpg 251w\" sizes=\"(max-width: 674px) 100vw, 674px\" \/><\/div>\n\t\t<\/a>\n\t\t\t\t\t<div class=\"elementor-post__meta-data\">\n\t\t\t\t\t\t\t<div class=\"vamtam-post__categories\">\n\t\t\t\t<a href=\"https:\/\/sembolinsaat.com.tr\/tr\/category\/blog\/community\/\" rel=\"category tag\">Community<\/a>\t\t\t<\/div>\n\t\t\t\t\t\t<\/div>\n\t\t\t\t\t<div class=\"elementor-post__text\">\n\t\t\t\t<h3 class=\"elementor-post__title\">\n\t\t\t<a href=\"https:\/\/sembolinsaat.com.tr\/tr\/thompson-hollywood-hotel-awarded-best-commercial-project-at-pacific-coast\/\" >\n\t\t\t\tThompson Hollywood Hotel Awarded \u2018Best Commercial Project\u2019 at Pacific Coast\t\t\t<\/a>\n\t\t<\/h3>\n\t\t\t\t<\/div>\n\t\t\t\t<\/article>\n\t\t\t\t<article class=\"elementor-post elementor-grid-item post-8085 post type-post status-publish format-standard has-post-thumbnail hentry category-community tag-awards tag-sustainability\">\n\t\t\t\t<a class=\"elementor-post__thumbnail__link\" href=\"https:\/\/sembolinsaat.com.tr\/tr\/aviation-construction-reaching-new-heights\/\" tabindex=\"-1\" >\n\t\t\t<div class=\"elementor-post__thumbnail\"><img loading=\"lazy\" decoding=\"async\" width=\"674\" height=\"806\" src=\"https:\/\/sembolinsaat.com.tr\/wp-content\/uploads\/2022\/11\/pexels-lilli-waugh-2407196-1.jpg\" class=\"attachment-full size-full wp-image-12787\" alt=\"\" srcset=\"https:\/\/sembolinsaat.com.tr\/wp-content\/uploads\/2022\/11\/pexels-lilli-waugh-2407196-1.jpg 674w, https:\/\/sembolinsaat.com.tr\/wp-content\/uploads\/2022\/11\/pexels-lilli-waugh-2407196-1-251x300.jpg 251w\" sizes=\"(max-width: 674px) 100vw, 674px\" \/><\/div>\n\t\t<\/a>\n\t\t\t\t\t<div class=\"elementor-post__meta-data\">\n\t\t\t\t\t\t\t<div class=\"vamtam-post__categories\">\n\t\t\t\t<a href=\"https:\/\/sembolinsaat.com.tr\/tr\/category\/blog\/community\/\" rel=\"category tag\">Community<\/a>\t\t\t<\/div>\n\t\t\t\t\t\t<\/div>\n\t\t\t\t\t<div class=\"elementor-post__text\">\n\t\t\t\t<h3 class=\"elementor-post__title\">\n\t\t\t<a href=\"https:\/\/sembolinsaat.com.tr\/tr\/aviation-construction-reaching-new-heights\/\" >\n\t\t\t\tAviation Construction Reaching New Heights\t\t\t<\/a>\n\t\t<\/h3>\n\t\t\t\t<\/div>\n\t\t\t\t<\/article>\n\t\t\t\t<article class=\"elementor-post elementor-grid-item post-8082 post type-post status-publish format-standard has-post-thumbnail hentry category-community tag-awards tag-project tag-sustainability\">\n\t\t\t\t<a class=\"elementor-post__thumbnail__link\" href=\"https:\/\/sembolinsaat.com.tr\/tr\/solving-the-puzzle-of-sustainability-in-higher-education-construction-2\/\" tabindex=\"-1\" >\n\t\t\t<div class=\"elementor-post__thumbnail\"><img loading=\"lazy\" decoding=\"async\" width=\"674\" height=\"806\" src=\"https:\/\/sembolinsaat.com.tr\/wp-content\/uploads\/2022\/11\/pexels-chait-goli-2088233-1.jpg\" class=\"attachment-full size-full wp-image-12786\" alt=\"\" srcset=\"https:\/\/sembolinsaat.com.tr\/wp-content\/uploads\/2022\/11\/pexels-chait-goli-2088233-1.jpg 674w, https:\/\/sembolinsaat.com.tr\/wp-content\/uploads\/2022\/11\/pexels-chait-goli-2088233-1-251x300.jpg 251w\" sizes=\"(max-width: 674px) 100vw, 674px\" \/><\/div>\n\t\t<\/a>\n\t\t\t\t\t<div class=\"elementor-post__meta-data\">\n\t\t\t\t\t\t\t<div class=\"vamtam-post__categories\">\n\t\t\t\t<a href=\"https:\/\/sembolinsaat.com.tr\/tr\/category\/blog\/community\/\" rel=\"category tag\">Community<\/a>\t\t\t<\/div>\n\t\t\t\t\t\t<\/div>\n\t\t\t\t\t<div class=\"elementor-post__text\">\n\t\t\t\t<h3 class=\"elementor-post__title\">\n\t\t\t<a href=\"https:\/\/sembolinsaat.com.tr\/tr\/solving-the-puzzle-of-sustainability-in-higher-education-construction-2\/\" >\n\t\t\t\tSolving the puzzle of sustainability in higher education construction\t\t\t<\/a>\n\t\t<\/h3>\n\t\t\t\t<\/div>\n\t\t\t\t<\/article>\n\t\t\t\t<article class=\"elementor-post elementor-grid-item post-8079 post type-post status-publish format-standard has-post-thumbnail hentry category-innovation tag-awards tag-innovations tag-project\">\n\t\t\t\t<a class=\"elementor-post__thumbnail__link\" href=\"https:\/\/sembolinsaat.com.tr\/tr\/not-one-but-two-air-rights-projects-rise-over-massachusetts-turnpike-in-boston\/\" tabindex=\"-1\" >\n\t\t\t<div class=\"elementor-post__thumbnail\"><img loading=\"lazy\" decoding=\"async\" width=\"674\" height=\"806\" src=\"https:\/\/sembolinsaat.com.tr\/wp-content\/uploads\/2022\/11\/pexels-photoscom-93400-2-1.jpg\" class=\"attachment-full size-full wp-image-12785\" alt=\"\" srcset=\"https:\/\/sembolinsaat.com.tr\/wp-content\/uploads\/2022\/11\/pexels-photoscom-93400-2-1.jpg 674w, https:\/\/sembolinsaat.com.tr\/wp-content\/uploads\/2022\/11\/pexels-photoscom-93400-2-1-251x300.jpg 251w\" sizes=\"(max-width: 674px) 100vw, 674px\" \/><\/div>\n\t\t<\/a>\n\t\t\t\t\t<div class=\"elementor-post__meta-data\">\n\t\t\t\t\t\t\t<div class=\"vamtam-post__categories\">\n\t\t\t\t<a href=\"https:\/\/sembolinsaat.com.tr\/tr\/category\/blog\/innovation\/\" rel=\"category tag\">Innovation<\/a>\t\t\t<\/div>\n\t\t\t\t\t\t<\/div>\n\t\t\t\t\t<div class=\"elementor-post__text\">\n\t\t\t\t<h3 class=\"elementor-post__title\">\n\t\t\t<a href=\"https:\/\/sembolinsaat.com.tr\/tr\/not-one-but-two-air-rights-projects-rise-over-massachusetts-turnpike-in-boston\/\" >\n\t\t\t\tNot One, But Two Air-Rights Projects Rise Over Massachusetts Turnpike in Boston\t\t\t<\/a>\n\t\t<\/h3>\n\t\t\t\t<\/div>\n\t\t\t\t<\/article>\n\t\t\t\t<article class=\"elementor-post elementor-grid-item post-8076 post type-post status-publish format-standard has-post-thumbnail hentry category-innovation tag-innovations tag-project tag-sustainability\">\n\t\t\t\t<a class=\"elementor-post__thumbnail__link\" href=\"https:\/\/sembolinsaat.com.tr\/tr\/virgin-voyages-celebrates-grand-opening-of-new-terminal-v\/\" tabindex=\"-1\" >\n\t\t\t<div class=\"elementor-post__thumbnail\"><img loading=\"lazy\" decoding=\"async\" width=\"674\" height=\"806\" src=\"https:\/\/sembolinsaat.com.tr\/wp-content\/uploads\/2022\/11\/GettyImages-1198057584-1.jpg\" class=\"attachment-full size-full wp-image-12784\" alt=\"\" srcset=\"https:\/\/sembolinsaat.com.tr\/wp-content\/uploads\/2022\/11\/GettyImages-1198057584-1.jpg 674w, https:\/\/sembolinsaat.com.tr\/wp-content\/uploads\/2022\/11\/GettyImages-1198057584-1-251x300.jpg 251w\" sizes=\"(max-width: 674px) 100vw, 674px\" \/><\/div>\n\t\t<\/a>\n\t\t\t\t\t<div class=\"elementor-post__meta-data\">\n\t\t\t\t\t\t\t<div class=\"vamtam-post__categories\">\n\t\t\t\t<a href=\"https:\/\/sembolinsaat.com.tr\/tr\/category\/blog\/innovation\/\" rel=\"category tag\">Innovation<\/a>\t\t\t<\/div>\n\t\t\t\t\t\t<\/div>\n\t\t\t\t\t<div class=\"elementor-post__text\">\n\t\t\t\t<h3 class=\"elementor-post__title\">\n\t\t\t<a href=\"https:\/\/sembolinsaat.com.tr\/tr\/virgin-voyages-celebrates-grand-opening-of-new-terminal-v\/\" >\n\t\t\t\tVirgin Voyages Celebrates Grand Opening of New Terminal V\t\t\t<\/a>\n\t\t<\/h3>\n\t\t\t\t<\/div>\n\t\t\t\t<\/article>\n\t\t\t\t<article class=\"elementor-post elementor-grid-item post-8072 post type-post status-publish format-standard has-post-thumbnail hentry category-innovation tag-awards tag-innovations tag-sustainability\">\n\t\t\t\t<a class=\"elementor-post__thumbnail__link\" href=\"https:\/\/sembolinsaat.com.tr\/tr\/bus-jenga-building-is-coming-together-over-the-charles-river\/\" tabindex=\"-1\" >\n\t\t\t<div class=\"elementor-post__thumbnail\"><img loading=\"lazy\" decoding=\"async\" width=\"674\" height=\"806\" src=\"https:\/\/sembolinsaat.com.tr\/wp-content\/uploads\/2022\/11\/pexels-mantas-sinkevicius-1106476-1-1.jpg\" class=\"attachment-full size-full wp-image-12783\" alt=\"\" srcset=\"https:\/\/sembolinsaat.com.tr\/wp-content\/uploads\/2022\/11\/pexels-mantas-sinkevicius-1106476-1-1.jpg 674w, https:\/\/sembolinsaat.com.tr\/wp-content\/uploads\/2022\/11\/pexels-mantas-sinkevicius-1106476-1-1-251x300.jpg 251w\" sizes=\"(max-width: 674px) 100vw, 674px\" \/><\/div>\n\t\t<\/a>\n\t\t\t\t\t<div class=\"elementor-post__meta-data\">\n\t\t\t\t\t\t\t<div class=\"vamtam-post__categories\">\n\t\t\t\t<a href=\"https:\/\/sembolinsaat.com.tr\/tr\/category\/blog\/innovation\/\" rel=\"category tag\">Innovation<\/a>\t\t\t<\/div>\n\t\t\t\t\t\t<\/div>\n\t\t\t\t\t<div class=\"elementor-post__text\">\n\t\t\t\t<h3 class=\"elementor-post__title\">\n\t\t\t<a href=\"https:\/\/sembolinsaat.com.tr\/tr\/bus-jenga-building-is-coming-together-over-the-charles-river\/\" >\n\t\t\t\tBU\u2019s Jenga Building is Coming Together Over the Charles River\t\t\t<\/a>\n\t\t<\/h3>\n\t\t\t\t<\/div>\n\t\t\t\t<\/article>\n\t\t\t\t<\/div>\n\t\t\t\t\t<span class=\"e-load-more-spinner\">\n\t\t\t\t<i aria-hidden=\"true\" class=\"fas fa-spinner\"><\/i>\t\t\t<\/span>\n\t\t\n\t\t\t\t<div class=\"e-load-more-anchor\" data-page=\"1\" data-max-page=\"2\" data-next-page=\"https:\/\/sembolinsaat.com.tr\/tr\/wp-json\/wp\/v2\/pages\/1832\/page\/2\/\"><\/div>\n\t\t\t\t<div class=\"elementor-button-wrapper\">\n\t\t\t<a href=\"#\" class=\"elementor-button-link elementor-button\" role=\"button\">\n\t\t\t\t\t\t<span class=\"elementor-button-content-wrapper\">\n\t\t\t\t\t\t\t\t\t<span class=\"elementor-button-text\">Daha Fazlas\u0131n\u0131 G\u00f6r<\/span>\n\t\t\t\t\t<\/span>\n\t\t\t\t\t<\/a>\n\t\t<\/div>\n\t\t\t\t<div class=\"e-load-more-message\"><\/div>\n\t\t\t\t\t\t<\/div>\n\t\t\t\t<\/div>\n\t\t\t\t\t<\/div>\n\t\t<\/div>\n\t\t\t\t\t<\/div>\n\t\t<\/section>\n\t\t\t\t<\/div>","protected":false},"excerpt":{"rendered":"<p>Insights Our people are dedicated to finding solutions to every challenge. That spirit makes for some great stories.<\/p>","protected":false},"author":1,"featured_media":0,"parent":0,"menu_order":0,"comment_status":"closed","ping_status":"closed","template":"","meta":{"footnotes":""},"class_list":["post-1832","page","type-page","status-publish","hentry"],"_links":{"self":[{"href":"https:\/\/sembolinsaat.com.tr\/tr\/wp-json\/wp\/v2\/pages\/1832","targetHints":{"allow":["GET"]}}],"collection":[{"href":"https:\/\/sembolinsaat.com.tr\/tr\/wp-json\/wp\/v2\/pages"}],"about":[{"href":"https:\/\/sembolinsaat.com.tr\/tr\/wp-json\/wp\/v2\/types\/page"}],"author":[{"embeddable":true,"href":"https:\/\/sembolinsaat.com.tr\/tr\/wp-json\/wp\/v2\/users\/1"}],"replies":[{"embeddable":true,"href":"https:\/\/sembolinsaat.com.tr\/tr\/wp-json\/wp\/v2\/comments?post=1832"}],"version-history":[{"count":0,"href":"https:\/\/sembolinsaat.com.tr\/tr\/wp-json\/wp\/v2\/pages\/1832\/revisions"}],"wp:attachment":[{"href":"https:\/\/sembolinsaat.com.tr\/tr\/wp-json\/wp\/v2\/media?parent=1832"}],"curies":[{"name":"wp","href":"https:\/\/api.w.org\/{rel}","templated":true}]}}