{"id":1905,"date":"2022-10-02T19:43:39","date_gmt":"2022-10-02T19:43:39","guid":{"rendered":"https:\/\/konstruktion.vamtam.com\/?page_id=1905"},"modified":"2025-05-16T09:01:04","modified_gmt":"2025-05-16T09:01:04","slug":"home-big-construction-company","status":"publish","type":"page","link":"https:\/\/sembolinsaat.com.tr\/tr\/","title":{"rendered":"Home"},"content":{"rendered":"<div data-elementor-type=\"wp-page\" data-elementor-id=\"1905\" class=\"elementor elementor-1905\" data-elementor-post-type=\"page\">\n\t\t\t\t\t\t<section class=\"elementor-section elementor-top-section elementor-element elementor-element-5174a02 elementor-section-height-min-height elementor-section-items-stretch elementor-section-content-bottom elementor-section-boxed elementor-section-height-default\" data-id=\"5174a02\" data-element_type=\"section\" data-settings=\"{&quot;background_background&quot;:&quot;slideshow&quot;,&quot;background_slideshow_gallery&quot;:[{&quot;id&quot;:989016,&quot;url&quot;:&quot;https:\\\/\\\/sembolinsaat.com.tr\\\/wp-content\\\/uploads\\\/2025\\\/04\\\/Screenshot-2025-04-04-171040.png&quot;},{&quot;id&quot;:988905,&quot;url&quot;:&quot;https:\\\/\\\/sembolinsaat.com.tr\\\/wp-content\\\/uploads\\\/2025\\\/04\\\/Tersane8-scaled.jpg&quot;},{&quot;id&quot;:987681,&quot;url&quot;:&quot;https:\\\/\\\/sembolinsaat.com.tr\\\/wp-content\\\/uploads\\\/2025\\\/02\\\/astana-expo-2017.jpg&quot;},{&quot;id&quot;:988795,&quot;url&quot;:&quot;https:\\\/\\\/sembolinsaat.com.tr\\\/wp-content\\\/uploads\\\/2025\\\/04\\\/RINO1384_EmreDorter_AKM-scaled.jpg&quot;},{&quot;id&quot;:988053,&quot;url&quot;:&quot;https:\\\/\\\/sembolinsaat.com.tr\\\/wp-content\\\/uploads\\\/2022\\\/10\\\/1-1.jpg&quot;},{&quot;id&quot;:988225,&quot;url&quot;:&quot;https:\\\/\\\/sembolinsaat.com.tr\\\/wp-content\\\/uploads\\\/2025\\\/02\\\/stad7.jpg&quot;},{&quot;id&quot;:988888,&quot;url&quot;:&quot;https:\\\/\\\/sembolinsaat.com.tr\\\/wp-content\\\/uploads\\\/2025\\\/04\\\/1-1-scaled.jpg&quot;},{&quot;id&quot;:988270,&quot;url&quot;:&quot;https:\\\/\\\/sembolinsaat.com.tr\\\/wp-content\\\/uploads\\\/2025\\\/03\\\/kutuphane3.jpg&quot;},{&quot;id&quot;:988657,&quot;url&quot;:&quot;https:\\\/\\\/sembolinsaat.com.tr\\\/wp-content\\\/uploads\\\/2025\\\/03\\\/01-KAEC-Havadan.jpg&quot;},{&quot;id&quot;:989029,&quot;url&quot;:&quot;https:\\\/\\\/sembolinsaat.com.tr\\\/wp-content\\\/uploads\\\/2025\\\/04\\\/Screenshot-2025-04-04-172719.png&quot;},{&quot;id&quot;:988945,&quot;url&quot;:&quot;https:\\\/\\\/sembolinsaat.com.tr\\\/wp-content\\\/uploads\\\/2025\\\/04\\\/07b-khan-shatyr-scaled.jpg&quot;},{&quot;id&quot;:988870,&quot;url&quot;:&quot;https:\\\/\\\/sembolinsaat.com.tr\\\/wp-content\\\/uploads\\\/2025\\\/04\\\/Astana_TrainStationDJI_0089_bw.jpg&quot;}],&quot;background_slideshow_loop&quot;:&quot;yes&quot;,&quot;background_slideshow_slide_duration&quot;:5000,&quot;background_slideshow_slide_transition&quot;:&quot;fade&quot;,&quot;background_slideshow_transition_duration&quot;:500}\">\n\t\t\t\t\t\t\t<div class=\"elementor-background-overlay\"><\/div>\n\t\t\t\t\t\t\t<div class=\"elementor-container elementor-column-gap-no\">\n\t\t\t\t\t<div class=\"elementor-column elementor-col-33 elementor-top-column elementor-element elementor-element-4596ae5 elementor-hidden-desktop elementor-hidden-tablet\" data-id=\"4596ae5\" data-element_type=\"column\">\n\t\t\t<div class=\"elementor-widget-wrap elementor-element-populated\">\n\t\t\t\t\t\t<div class=\"elementor-element elementor-element-7f3a7ab elementor-headline--style-rotate elementor-widget elementor-widget-animated-headline\" data-id=\"7f3a7ab\" data-element_type=\"widget\" data-settings=\"{&quot;headline_style&quot;:&quot;rotate&quot;,&quot;animation_type&quot;:&quot;wave&quot;,&quot;rotating_text&quot;:&quot;Dubai Island.\\nTersane.\\nAstana Expo.\\nAtaturk Cultural Center.\\nThe Land Of Legends.\\nAstana Arena Stadium.\\nRixos Premium Saadiyat Island.\\nNazarbayev Center.\\nRixos Premium Emerald Shores.\\nRixos Residence.\\nKhan Shatyr.\\nNur-Sultan Railway Station.&quot;,&quot;rotate_iteration_delay&quot;:3600,&quot;loop&quot;:&quot;yes&quot;}\" data-widget_type=\"animated-headline.default\">\n\t\t\t\t<div class=\"elementor-widget-container\">\n\t\t\t\t\t\t\t<div class=\"elementor-headline elementor-headline-animation-type-wave elementor-headline-letters\">\n\t\t\t\t\t<span class=\"elementor-headline-plain-text elementor-headline-text-wrapper\">Sembol \u0130n\u015faat  <br><\/span>\n\t\t\t\t<span class=\"elementor-headline-dynamic-wrapper elementor-headline-text-wrapper\">\n\t\t\t\t\t<span class=\"elementor-headline-dynamic-text elementor-headline-text-active\">\n\t\t\t\tDubai&nbsp;Island.\t\t\t<\/span>\n\t\t\t\t\t<span class=\"elementor-headline-dynamic-text\">\n\t\t\t\tTersane.\t\t\t<\/span>\n\t\t\t\t\t<span class=\"elementor-headline-dynamic-text\">\n\t\t\t\tAstana&nbsp;Expo.\t\t\t<\/span>\n\t\t\t\t\t<span class=\"elementor-headline-dynamic-text\">\n\t\t\t\tAtaturk&nbsp;Cultural&nbsp;Center.\t\t\t<\/span>\n\t\t\t\t\t<span class=\"elementor-headline-dynamic-text\">\n\t\t\t\tThe&nbsp;Land&nbsp;Of&nbsp;Legends.\t\t\t<\/span>\n\t\t\t\t\t<span class=\"elementor-headline-dynamic-text\">\n\t\t\t\tAstana&nbsp;Arena&nbsp;Stadium.\t\t\t<\/span>\n\t\t\t\t\t<span class=\"elementor-headline-dynamic-text\">\n\t\t\t\tRixos&nbsp;Premium&nbsp;Saadiyat&nbsp;Island.\t\t\t<\/span>\n\t\t\t\t\t<span class=\"elementor-headline-dynamic-text\">\n\t\t\t\tNazarbayev&nbsp;Center.\t\t\t<\/span>\n\t\t\t\t\t<span class=\"elementor-headline-dynamic-text\">\n\t\t\t\tRixos&nbsp;Premium&nbsp;Emerald&nbsp;Shores.\t\t\t<\/span>\n\t\t\t\t\t<span class=\"elementor-headline-dynamic-text\">\n\t\t\t\tRixos&nbsp;Residence.\t\t\t<\/span>\n\t\t\t\t\t<span class=\"elementor-headline-dynamic-text\">\n\t\t\t\tKhan&nbsp;Shatyr.\t\t\t<\/span>\n\t\t\t\t\t<span class=\"elementor-headline-dynamic-text\">\n\t\t\t\tNur-Sultan&nbsp;Railway&nbsp;Station.\t\t\t<\/span>\n\t\t\t\t\t\t<\/span>\n\t\t\t\t<\/div>\n\t\t\t\t\t\t<\/div>\n\t\t\t\t<\/div>\n\t\t\t\t<div class=\"vamtam-has-theme-widget-styles elementor-element elementor-element-b6dc578 vamtam-has-underline-anim elementor-widget elementor-widget-button\" data-id=\"b6dc578\" data-element_type=\"widget\" data-widget_type=\"button.default\">\n\t\t\t\t<div class=\"elementor-widget-container\">\n\t\t\t\t\t\t\t\t\t<div class=\"elementor-button-wrapper\">\n\t\t\t\t\t<a class=\"elementor-button elementor-button-link elementor-size-sm\" href=\"\/tr\/contact\/\">\n\t\t\t\t\t\t<span class=\"elementor-button-content-wrapper\">\n\t\t\t\t\t\t\t\t\t<span class=\"elementor-button-text\">Daha Fazlas\u0131<\/span>\n\t\t\t\t\t<\/span>\n\t\t\t\t\t<\/a>\n\t\t\t\t<\/div>\n\t\t\t\t\t\t\t\t<\/div>\n\t\t\t\t<\/div>\n\t\t\t\t\t<\/div>\n\t\t<\/div>\n\t\t\t\t<div class=\"elementor-column elementor-col-33 elementor-top-column elementor-element elementor-element-898282f elementor-hidden-mobile\" data-id=\"898282f\" data-element_type=\"column\">\n\t\t\t<div class=\"elementor-widget-wrap elementor-element-populated\">\n\t\t\t\t\t\t<div class=\"elementor-element elementor-element-a8e1168 elementor-headline--style-rotate elementor-widget elementor-widget-animated-headline\" data-id=\"a8e1168\" data-element_type=\"widget\" data-settings=\"{&quot;headline_style&quot;:&quot;rotate&quot;,&quot;animation_type&quot;:&quot;wave&quot;,&quot;rotating_text&quot;:&quot;Dubai Islands.\\nTersane.\\nAstana Expo.\\nAtaturk Cultural Center.\\nThe Land Of Legends.\\nAstana Arena Stadium.\\nRixos Premium Saadiyat Island.\\nNazarbayev Center.\\nRixos Premium Emerald Shores.\\nRixos Residence.\\nKhan Shatyr.\\nNur-Sultan Railway Station.\\n.&quot;,&quot;rotate_iteration_delay&quot;:3600}\" data-widget_type=\"animated-headline.default\">\n\t\t\t\t<div class=\"elementor-widget-container\">\n\t\t\t\t\t\t\t<div class=\"elementor-headline elementor-headline-animation-type-wave elementor-headline-letters\">\n\t\t\t\t\t<span class=\"elementor-headline-plain-text elementor-headline-text-wrapper\">Sembol \u0130n\u015faat  <br><\/span>\n\t\t\t\t<span class=\"elementor-headline-dynamic-wrapper elementor-headline-text-wrapper\">\n\t\t\t\t\t<span class=\"elementor-headline-dynamic-text elementor-headline-text-active\">\n\t\t\t\tDubai&nbsp;Islands.\t\t\t<\/span>\n\t\t\t\t\t<span class=\"elementor-headline-dynamic-text\">\n\t\t\t\tTersane.\t\t\t<\/span>\n\t\t\t\t\t<span class=\"elementor-headline-dynamic-text\">\n\t\t\t\tAstana&nbsp;Expo.\t\t\t<\/span>\n\t\t\t\t\t<span class=\"elementor-headline-dynamic-text\">\n\t\t\t\tAtaturk&nbsp;Cultural&nbsp;Center.\t\t\t<\/span>\n\t\t\t\t\t<span class=\"elementor-headline-dynamic-text\">\n\t\t\t\tThe&nbsp;Land&nbsp;Of&nbsp;Legends.\t\t\t<\/span>\n\t\t\t\t\t<span class=\"elementor-headline-dynamic-text\">\n\t\t\t\tAstana&nbsp;Arena&nbsp;Stadium.\t\t\t<\/span>\n\t\t\t\t\t<span class=\"elementor-headline-dynamic-text\">\n\t\t\t\tRixos&nbsp;Premium&nbsp;Saadiyat&nbsp;Island.\t\t\t<\/span>\n\t\t\t\t\t<span class=\"elementor-headline-dynamic-text\">\n\t\t\t\tNazarbayev&nbsp;Center.\t\t\t<\/span>\n\t\t\t\t\t<span class=\"elementor-headline-dynamic-text\">\n\t\t\t\tRixos&nbsp;Premium&nbsp;Emerald&nbsp;Shores.\t\t\t<\/span>\n\t\t\t\t\t<span class=\"elementor-headline-dynamic-text\">\n\t\t\t\tRixos&nbsp;Residence.\t\t\t<\/span>\n\t\t\t\t\t<span class=\"elementor-headline-dynamic-text\">\n\t\t\t\tKhan&nbsp;Shatyr.\t\t\t<\/span>\n\t\t\t\t\t<span class=\"elementor-headline-dynamic-text\">\n\t\t\t\tNur-Sultan&nbsp;Railway&nbsp;Station.\t\t\t<\/span>\n\t\t\t\t\t<span class=\"elementor-headline-dynamic-text\">\n\t\t\t\t.\t\t\t<\/span>\n\t\t\t\t\t\t<\/span>\n\t\t\t\t<\/div>\n\t\t\t\t\t\t<\/div>\n\t\t\t\t<\/div>\n\t\t\t\t\t<\/div>\n\t\t<\/div>\n\t\t\t\t<div class=\"elementor-column elementor-col-33 elementor-top-column elementor-element elementor-element-25bb8b4 elementor-hidden-mobile\" data-id=\"25bb8b4\" data-element_type=\"column\">\n\t\t\t<div class=\"elementor-widget-wrap\">\n\t\t\t\t\t\t\t<\/div>\n\t\t<\/div>\n\t\t\t\t\t<\/div>\n\t\t<\/section>\n\t\t\t\t<section class=\"elementor-section elementor-top-section elementor-element elementor-element-63798de elementor-hidden-mobile elementor-section-boxed elementor-section-height-default elementor-section-height-default\" data-id=\"63798de\" data-element_type=\"section\" data-settings=\"{&quot;background_background&quot;:&quot;classic&quot;}\">\n\t\t\t\t\t\t<div class=\"elementor-container elementor-column-gap-no\">\n\t\t\t\t\t<div class=\"elementor-column elementor-col-50 elementor-top-column elementor-element elementor-element-73b70d3\" data-id=\"73b70d3\" data-element_type=\"column\">\n\t\t\t<div class=\"elementor-widget-wrap elementor-element-populated\">\n\t\t\t\t\t\t<div class=\"elementor-element elementor-element-6752950 elementor-position-right elementor-vertical-align-middle elementor-widget__width-auto elementor-mobile-position-right elementor-view-default elementor-invisible elementor-widget elementor-widget-icon-box\" data-id=\"6752950\" data-element_type=\"widget\" data-settings=\"{&quot;_animation&quot;:&quot;slideInUp&quot;,&quot;_animation_tablet&quot;:&quot;none&quot;}\" data-widget_type=\"icon-box.default\">\n\t\t\t\t<div class=\"elementor-widget-container\">\n\t\t\t\t\t\t\t<div class=\"elementor-icon-box-wrapper\">\n\n\t\t\t\t\t\t<div class=\"elementor-icon-box-icon\">\n\t\t\t\t<span  class=\"elementor-icon\">\n\t\t\t\t<i aria-hidden=\"true\" class=\"vamtamtheme- vamtam-theme-line-titles\"><\/i>\t\t\t\t<\/span>\n\t\t\t<\/div>\n\t\t\t\n\t\t\t\t\t\t<div class=\"elementor-icon-box-content\">\n\n\t\t\t\t\t\t\t\t\t<h5 class=\"elementor-icon-box-title\">\n\t\t\t\t\t\t<span  >\n\t\t\t\t\t\t\tServisler\t\t\t\t\t\t<\/span>\n\t\t\t\t\t<\/h5>\n\t\t\t\t\n\t\t\t\t\n\t\t\t<\/div>\n\t\t\t\n\t\t<\/div>\n\t\t\t\t\t\t<\/div>\n\t\t\t\t<\/div>\n\t\t\t\t<div class=\"elementor-element elementor-element-19b33cf elementor-invisible elementor-widget elementor-widget-heading\" data-id=\"19b33cf\" data-element_type=\"widget\" data-settings=\"{&quot;_animation&quot;:&quot;fadeIn&quot;,&quot;_animation_tablet&quot;:&quot;none&quot;,&quot;_animation_delay&quot;:500}\" data-widget_type=\"heading.default\">\n\t\t\t\t<div class=\"elementor-widget-container\">\n\t\t\t\t\t<h2 class=\"elementor-heading-title elementor-size-default\">FAAL\u0130YET ALANLARI<\/h2>\t\t\t\t<\/div>\n\t\t\t\t<\/div>\n\t\t\t\t\t<\/div>\n\t\t<\/div>\n\t\t\t\t<div class=\"elementor-column elementor-col-50 elementor-top-column elementor-element elementor-element-1352f44\" data-id=\"1352f44\" data-element_type=\"column\">\n\t\t\t<div class=\"elementor-widget-wrap elementor-element-populated\">\n\t\t\t\t\t\t<div class=\"elementor-element elementor-element-bae9fac elementor-widget__width-auto elementor-widget elementor-widget-heading\" data-id=\"bae9fac\" data-element_type=\"widget\" data-widget_type=\"heading.default\">\n\t\t\t\t<div class=\"elementor-widget-container\">\n\t\t\t\t\t<h6 class=\"elementor-heading-title elementor-size-default\">01<\/h6>\t\t\t\t<\/div>\n\t\t\t\t<\/div>\n\t\t\t\t<div class=\"vamtam-has-theme-widget-styles elementor-element elementor-element-722bbd9 elementor-widget__width-initial elementor-align-justify vamtam-btn-text-align vamtam-has-underline-anim elementor-widget elementor-widget-button\" data-id=\"722bbd9\" data-element_type=\"widget\" data-widget_type=\"button.default\">\n\t\t\t\t<div class=\"elementor-widget-container\">\n\t\t\t\t\t\t\t\t\t<div class=\"elementor-button-wrapper\">\n\t\t\t\t\t<a class=\"elementor-button elementor-button-link elementor-size-sm\" href=\"\/tr\/fields-of-activity\/fields-of-activities\/\">\n\t\t\t\t\t\t<span class=\"elementor-button-content-wrapper\">\n\t\t\t\t\t\t<span class=\"elementor-button-icon\">\n\t\t\t\t<i aria-hidden=\"true\" class=\"vamtamtheme- vamtam-theme-arrow-right\"><\/i>\t\t\t<\/span>\n\t\t\t\t\t\t\t\t\t<span class=\"elementor-button-text\">\u0130HALE Y\u00d6NET\u0130M\u0130<\/span>\n\t\t\t\t\t<\/span>\n\t\t\t\t\t<\/a>\n\t\t\t\t<\/div>\n\t\t\t\t\t\t\t\t<\/div>\n\t\t\t\t<\/div>\n\t\t\t\t<div class=\"elementor-element elementor-element-9e22c56 elementor-widget-divider--view-line elementor-widget elementor-widget-divider\" data-id=\"9e22c56\" data-element_type=\"widget\" data-widget_type=\"divider.default\">\n\t\t\t\t<div class=\"elementor-widget-container\">\n\t\t\t\t\t\t\t<div class=\"elementor-divider\">\n\t\t\t<span class=\"elementor-divider-separator\">\n\t\t\t\t\t\t<\/span>\n\t\t<\/div>\n\t\t\t\t\t\t<\/div>\n\t\t\t\t<\/div>\n\t\t\t\t<div class=\"elementor-element elementor-element-366f9a7 elementor-widget__width-auto elementor-widget elementor-widget-heading\" data-id=\"366f9a7\" data-element_type=\"widget\" data-widget_type=\"heading.default\">\n\t\t\t\t<div class=\"elementor-widget-container\">\n\t\t\t\t\t<h6 class=\"elementor-heading-title elementor-size-default\">02<\/h6>\t\t\t\t<\/div>\n\t\t\t\t<\/div>\n\t\t\t\t<div class=\"vamtam-has-theme-widget-styles elementor-element elementor-element-e83045b elementor-widget__width-initial elementor-align-justify vamtam-btn-text-align elementor-widget-tablet__width-initial vamtam-has-underline-anim elementor-widget elementor-widget-button\" data-id=\"e83045b\" data-element_type=\"widget\" data-widget_type=\"button.default\">\n\t\t\t\t<div class=\"elementor-widget-container\">\n\t\t\t\t\t\t\t\t\t<div class=\"elementor-button-wrapper\">\n\t\t\t\t\t<a class=\"elementor-button elementor-button-link elementor-size-sm\" href=\"\/tr\/fields-of-activity\/fields-of-activities\/\">\n\t\t\t\t\t\t<span class=\"elementor-button-content-wrapper\">\n\t\t\t\t\t\t<span class=\"elementor-button-icon\">\n\t\t\t\t<i aria-hidden=\"true\" class=\"vamtamtheme- vamtam-theme-arrow-right\"><\/i>\t\t\t<\/span>\n\t\t\t\t\t\t\t\t\t<span class=\"elementor-button-text\">ANAHTAR TESL\u0130M\u0130 \u0130N\u015eAAT S\u00d6ZLE\u015eMELER\u0130<\/span>\n\t\t\t\t\t<\/span>\n\t\t\t\t\t<\/a>\n\t\t\t\t<\/div>\n\t\t\t\t\t\t\t\t<\/div>\n\t\t\t\t<\/div>\n\t\t\t\t<div class=\"elementor-element elementor-element-dd5d752 elementor-widget-divider--view-line elementor-widget elementor-widget-divider\" data-id=\"dd5d752\" data-element_type=\"widget\" data-widget_type=\"divider.default\">\n\t\t\t\t<div class=\"elementor-widget-container\">\n\t\t\t\t\t\t\t<div class=\"elementor-divider\">\n\t\t\t<span class=\"elementor-divider-separator\">\n\t\t\t\t\t\t<\/span>\n\t\t<\/div>\n\t\t\t\t\t\t<\/div>\n\t\t\t\t<\/div>\n\t\t\t\t<div class=\"elementor-element elementor-element-fbe9f8c elementor-widget__width-auto elementor-widget elementor-widget-heading\" data-id=\"fbe9f8c\" data-element_type=\"widget\" data-widget_type=\"heading.default\">\n\t\t\t\t<div class=\"elementor-widget-container\">\n\t\t\t\t\t<h6 class=\"elementor-heading-title elementor-size-default\">03<\/h6>\t\t\t\t<\/div>\n\t\t\t\t<\/div>\n\t\t\t\t<div class=\"vamtam-has-theme-widget-styles elementor-element elementor-element-cef3672 elementor-widget__width-initial elementor-align-justify vamtam-btn-text-align vamtam-has-underline-anim elementor-widget elementor-widget-button\" data-id=\"cef3672\" data-element_type=\"widget\" data-widget_type=\"button.default\">\n\t\t\t\t<div class=\"elementor-widget-container\">\n\t\t\t\t\t\t\t\t\t<div class=\"elementor-button-wrapper\">\n\t\t\t\t\t<a class=\"elementor-button elementor-button-link elementor-size-sm\" href=\"\/tr\/fields-of-activity\/fields-of-activities\/\">\n\t\t\t\t\t\t<span class=\"elementor-button-content-wrapper\">\n\t\t\t\t\t\t<span class=\"elementor-button-icon\">\n\t\t\t\t<i aria-hidden=\"true\" class=\"vamtamtheme- vamtam-theme-arrow-right\"><\/i>\t\t\t<\/span>\n\t\t\t\t\t\t\t\t\t<span class=\"elementor-button-text\">M\u00dcHEND\u0130SL\u0130K H\u0130ZMETLER\u0130<\/span>\n\t\t\t\t\t<\/span>\n\t\t\t\t\t<\/a>\n\t\t\t\t<\/div>\n\t\t\t\t\t\t\t\t<\/div>\n\t\t\t\t<\/div>\n\t\t\t\t<div class=\"elementor-element elementor-element-500a9a9 elementor-widget-divider--view-line elementor-widget elementor-widget-divider\" data-id=\"500a9a9\" data-element_type=\"widget\" data-widget_type=\"divider.default\">\n\t\t\t\t<div class=\"elementor-widget-container\">\n\t\t\t\t\t\t\t<div class=\"elementor-divider\">\n\t\t\t<span class=\"elementor-divider-separator\">\n\t\t\t\t\t\t<\/span>\n\t\t<\/div>\n\t\t\t\t\t\t<\/div>\n\t\t\t\t<\/div>\n\t\t\t\t<div class=\"elementor-element elementor-element-5b84b92 elementor-widget__width-auto elementor-widget elementor-widget-heading\" data-id=\"5b84b92\" data-element_type=\"widget\" data-widget_type=\"heading.default\">\n\t\t\t\t<div class=\"elementor-widget-container\">\n\t\t\t\t\t<h6 class=\"elementor-heading-title elementor-size-default\">04<\/h6>\t\t\t\t<\/div>\n\t\t\t\t<\/div>\n\t\t\t\t<div class=\"vamtam-has-theme-widget-styles elementor-element elementor-element-d67d714 elementor-widget__width-initial elementor-align-justify vamtam-btn-text-align vamtam-has-underline-anim elementor-widget elementor-widget-button\" data-id=\"d67d714\" data-element_type=\"widget\" data-widget_type=\"button.default\">\n\t\t\t\t<div class=\"elementor-widget-container\">\n\t\t\t\t\t\t\t\t\t<div class=\"elementor-button-wrapper\">\n\t\t\t\t\t<a class=\"elementor-button elementor-button-link elementor-size-sm\" href=\"\/tr\/fields-of-activity\/fields-of-activities\/\">\n\t\t\t\t\t\t<span class=\"elementor-button-content-wrapper\">\n\t\t\t\t\t\t<span class=\"elementor-button-icon\">\n\t\t\t\t<i aria-hidden=\"true\" class=\"vamtamtheme- vamtam-theme-arrow-right\"><\/i>\t\t\t<\/span>\n\t\t\t\t\t\t\t\t\t<span class=\"elementor-button-text\">TEKNOLOJ\u0130 Y\u00d6NET\u0130M\u0130<\/span>\n\t\t\t\t\t<\/span>\n\t\t\t\t\t<\/a>\n\t\t\t\t<\/div>\n\t\t\t\t\t\t\t\t<\/div>\n\t\t\t\t<\/div>\n\t\t\t\t<div class=\"elementor-element elementor-element-981f140 elementor-widget-divider--view-line elementor-widget elementor-widget-divider\" data-id=\"981f140\" data-element_type=\"widget\" data-widget_type=\"divider.default\">\n\t\t\t\t<div class=\"elementor-widget-container\">\n\t\t\t\t\t\t\t<div class=\"elementor-divider\">\n\t\t\t<span class=\"elementor-divider-separator\">\n\t\t\t\t\t\t<\/span>\n\t\t<\/div>\n\t\t\t\t\t\t<\/div>\n\t\t\t\t<\/div>\n\t\t\t\t\t<\/div>\n\t\t<\/div>\n\t\t\t\t\t<\/div>\n\t\t<\/section>\n\t\t\t\t<\/div>","protected":false},"excerpt":{"rendered":"<p>Sembol Construciton Dubai&nbsp;Island. Tersane. Astana&nbsp;Expo. Ataturk&nbsp;Cultural&nbsp;Center. The&nbsp;Land&nbsp;Of&nbsp;Legends. Astana&nbsp;Arena&nbsp;Stadium. Rixos&nbsp;Premium&nbsp;Saadiyat&nbsp;Island. Nazarbayev&nbsp;Center. Rixos&nbsp;Premium&nbsp;Emerald&nbsp;Shores. Rixos&nbsp;Residence. Khan&nbsp;Shatyr. Nur-Sultan&nbsp;Railway&nbsp;Station. Learn More Sembol Construction Dubai&nbsp;Islands. Tersane. Astana&nbsp;Expo. Ataturk&nbsp;Cultural&nbsp;Center. The&nbsp;Land&nbsp;Of&nbsp;Legends. Astana&nbsp;Arena&nbsp;Stadium. Rixos&nbsp;Premium&nbsp;Saadiyat&nbsp;Island. Nazarbayev&nbsp;Center. Rixos&nbsp;Premium&nbsp;Emerald&nbsp;Shores. Rixos&nbsp;Residence. Khan&nbsp;Shatyr. Nur-Sultan&nbsp;Railway&nbsp;Station. . Services FIELDS OF ACTIVITY 01 PROCUREMENT 02 TURNKEY CONSTRUCTION CONTRACTS 03 ENGINEERING SERVICES 04 TECHNOLOGY MANAGEMENT<\/p>","protected":false},"author":1,"featured_media":0,"parent":0,"menu_order":0,"comment_status":"closed","ping_status":"closed","template":"","meta":{"footnotes":""},"class_list":["post-1905","page","type-page","status-publish","hentry"],"_links":{"self":[{"href":"https:\/\/sembolinsaat.com.tr\/tr\/wp-json\/wp\/v2\/pages\/1905","targetHints":{"allow":["GET"]}}],"collection":[{"href":"https:\/\/sembolinsaat.com.tr\/tr\/wp-json\/wp\/v2\/pages"}],"about":[{"href":"https:\/\/sembolinsaat.com.tr\/tr\/wp-json\/wp\/v2\/types\/page"}],"author":[{"embeddable":true,"href":"https:\/\/sembolinsaat.com.tr\/tr\/wp-json\/wp\/v2\/users\/1"}],"replies":[{"embeddable":true,"href":"https:\/\/sembolinsaat.com.tr\/tr\/wp-json\/wp\/v2\/comments?post=1905"}],"version-history":[{"count":150,"href":"https:\/\/sembolinsaat.com.tr\/tr\/wp-json\/wp\/v2\/pages\/1905\/revisions"}],"predecessor-version":[{"id":989193,"href":"https:\/\/sembolinsaat.com.tr\/tr\/wp-json\/wp\/v2\/pages\/1905\/revisions\/989193"}],"wp:attachment":[{"href":"https:\/\/sembolinsaat.com.tr\/tr\/wp-json\/wp\/v2\/media?parent=1905"}],"curies":[{"name":"wp","href":"https:\/\/api.w.org\/{rel}","templated":true}]}}