{"id":2217,"date":"2022-10-09T23:21:22","date_gmt":"2022-10-09T23:21:22","guid":{"rendered":"https:\/\/konstruktion.vamtam.com\/?page_id=2217"},"modified":"2025-04-15T14:06:41","modified_gmt":"2025-04-15T14:06:41","slug":"company-profile","status":"publish","type":"page","link":"https:\/\/sembolinsaat.com.tr\/tr\/company-profile\/","title":{"rendered":"Company Profile"},"content":{"rendered":"<div data-elementor-type=\"wp-page\" data-elementor-id=\"2217\" class=\"elementor elementor-2217\" data-elementor-post-type=\"page\">\n\t\t\t\t\t\t<section class=\"elementor-section elementor-top-section elementor-element elementor-element-8bb17cb elementor-section-boxed elementor-section-height-default elementor-section-height-default\" data-id=\"8bb17cb\" data-element_type=\"section\">\n\t\t\t\t\t\t<div class=\"elementor-container elementor-column-gap-no\">\n\t\t\t\t\t<div class=\"elementor-column elementor-col-50 elementor-top-column elementor-element elementor-element-7063192\" data-id=\"7063192\" data-element_type=\"column\">\n\t\t\t<div class=\"elementor-widget-wrap elementor-element-populated\">\n\t\t\t\t\t\t\t<\/div>\n\t\t<\/div>\n\t\t\t\t<div class=\"elementor-column elementor-col-50 elementor-top-column elementor-element elementor-element-3252bd2\" data-id=\"3252bd2\" data-element_type=\"column\">\n\t\t\t<div class=\"elementor-widget-wrap\">\n\t\t\t\t\t\t\t<\/div>\n\t\t<\/div>\n\t\t\t\t\t<\/div>\n\t\t<\/section>\n\t\t\t\t<section class=\"elementor-section elementor-top-section elementor-element elementor-element-061c6dd elementor-hidden-desktop elementor-hidden-tablet elementor-section-boxed elementor-section-height-default elementor-section-height-default\" data-id=\"061c6dd\" data-element_type=\"section\" data-settings=\"{&quot;background_background&quot;:&quot;classic&quot;}\">\n\t\t\t\t\t\t<div class=\"elementor-container elementor-column-gap-no\">\n\t\t\t\t\t<div class=\"elementor-column elementor-col-100 elementor-top-column elementor-element elementor-element-f851131\" data-id=\"f851131\" data-element_type=\"column\">\n\t\t\t<div class=\"elementor-widget-wrap elementor-element-populated\">\n\t\t\t\t\t\t<div class=\"elementor-element elementor-element-ca8a410 e-n-tabs-mobile elementor-widget elementor-widget-n-tabs\" data-id=\"ca8a410\" data-element_type=\"widget\" data-settings=\"{&quot;horizontal_scroll&quot;:&quot;disable&quot;}\" data-widget_type=\"nested-tabs.default\">\n\t\t\t\t<div class=\"elementor-widget-container\">\n\t\t\t\t\t\t\t<div class=\"e-n-tabs\" data-widget-number=\"212378640\" aria-label=\"Sekmeler. Enter ve Space ile \u00f6geleri a\u00e7abilir, Escape ile \u00f6geleri kapatabilir ve Y\u00f6n tu\u015flar\u0131 ile \u00f6geler aras\u0131nda gezinebilirsiniz.\">\n\t\t\t<div class=\"e-n-tabs-heading\" role=\"tablist\">\n\t\t\t\t\t<button id=\"e-n-tab-title-2123786401\" class=\"e-n-tab-title\" aria-selected=\"true\" data-tab-index=\"1\" role=\"tab\" tabindex=\"0\" aria-controls=\"e-n-tab-content-2123786401\" style=\"--n-tabs-title-order: 1;\">\n\t\t\t\t\t\t<span class=\"e-n-tab-title-text\">\n\t\t\t\t\u015e\u0130RKET B\u0130LG\u0130LER\u0130\t\t\t<\/span>\n\t\t<\/button>\n\t\t\t\t\t<\/div>\n\t\t\t<div class=\"e-n-tabs-content\">\n\t\t\t\t<div id=\"e-n-tab-content-2123786401\" role=\"tabpanel\" aria-labelledby=\"e-n-tab-title-2123786401\" data-tab-index=\"1\" style=\"--n-tabs-title-order: 1;\" class=\"e-active elementor-element elementor-element-01b1445 e-con-full e-flex e-con e-child\" data-id=\"01b1445\" data-element_type=\"container\">\n\t\t\t\t<div class=\"elementor-element elementor-element-27538eb elementor-widget elementor-widget-text-editor\" data-id=\"27538eb\" data-element_type=\"widget\" data-widget_type=\"text-editor.default\">\n\t\t\t\t<div class=\"elementor-widget-container\">\n\t\t\t\t\t\t\t\t\t<div class=\"w-tabs-section-header\" style=\"position: relative; text-wrap-mode: nowrap; cursor: default; padding: 20px; transition: background-color 0.3s, color 0.3s; -webkit-tap-highlight-color: rgba(0, 0, 0, 0); background-color: #ffffff; color: #204361; font-family: 'Open Sans', sans-serif; font-size: 14px; font-style: normal; font-variant-ligatures: normal; font-variant-caps: normal; font-weight: 400;\"><div class=\"w-tabs-section-header-h\" style=\"padding-right: 40px;\"><h5 class=\"w-tabs-section-title\" style=\"font: 400 20px \/ 30px 'Open Sans', sans-serif; margin-top: 0px; display: inline-block; vertical-align: top; text-wrap-mode: wrap; max-width: calc(100% - 40px); margin-bottom: 0px !important;\">\u015e\u0130RKET B\u0130LG\u0130LER\u0130<\/h5><div class=\"w-tabs-section-control\" style=\"position: absolute; top: 35px; font-size: 28px; font-family: mdfonticon; line-height: 30px; height: 30px; width: 30px; margin-top: -15px; text-align: center; transition: transform 0.3s; transform: rotate(180deg); right: 15px;\">\u00a0<\/div><\/div><\/div><div class=\"w-tabs-section-content\" style=\"color: #72848e; font-family: 'Open Sans', sans-serif; font-size: 14px; font-style: normal; font-variant-ligatures: normal; font-variant-caps: normal; font-weight: 400; background-color: #ffffff;\"><div class=\"w-tabs-section-content-h i-cf\" style=\"margin-right: auto; margin-left: auto; max-width: 1140px; padding: 10px 20px 30px;\"><div class=\"wpb_text_column\"><div class=\"wpb_wrapper\"><table><tbody><tr><td bgcolor=\"#EFEFEF\">\u015e\u0130RKET T\u00dcR\u00dc<\/td><td bgcolor=\"#EFEFEF\">ANON\u0130M \u015e\u0130RKET<\/td><\/tr><tr><td>T\u0130CARET S\u0130C\u0130L MEMURLU\u011eU<\/td><td>\u0130STANBUL<\/td><\/tr><tr><td bgcolor=\"#EFEFEF\">T\u0130CARET S\u0130C\u0130L NUMARASI<\/td><td bgcolor=\"#EFEFEF\">631225<\/td><\/tr><tr><td>T\u0130CARET UNVANI<\/td><td>SEMBOL ULUSLARARASI YATIRIM TARIM PEYZAJ \u0130N\u015eAAT TUR\u0130ZM SANAY\u0130 VE T\u0130CARET ANON\u0130M \u015e\u0130RKET\u0130<\/td><\/tr><tr><td>TAAHH\u00dcT ED\u0130LEN SERMAYE M\u0130KTARI<\/td><td>43,760,000 T\u00dcRK L\u0130RASI<\/td><\/tr><tr><td bgcolor=\"#EFEFEF\">\u00d6DENEN SERMAYE M\u0130KTARI<\/td><td bgcolor=\"#EFEFEF\">43,760,000 T\u00dcRK L\u0130RASI<\/td><\/tr><tr><td>\u015e\u0130RKET TESC\u0130L TAR\u0130H\u0130<\/td><td>28 HAZ\u0130RAN 2004<\/td><\/tr><tr><td bgcolor=\"#EFEFEF\">VERG\u0130 DA\u0130RES\u0130<\/td><td bgcolor=\"#EFEFEF\">BO\u011eAZ\u0130\u00c7\u0130 KURUMLAR<\/td><\/tr><tr><td>VERG\u0130 NUMARASI<\/td><td>760 037 1382<\/td><\/tr><tr><td bgcolor=\"#EFEFEF\">SEKT\u00d6R<\/td><td bgcolor=\"#EFEFEF\">\u0130N\u015eAAT<\/td><\/tr><\/tbody><\/table><\/div><\/div><\/div><\/div>\t\t\t\t\t\t\t\t<\/div>\n\t\t\t\t<\/div>\n\t\t\t\t<\/div>\n\t\t\t\t\t<\/div>\n\t\t<\/div>\n\t\t\t\t\t\t<\/div>\n\t\t\t\t<\/div>\n\t\t\t\t\t<\/div>\n\t\t<\/div>\n\t\t\t\t\t<\/div>\n\t\t<\/section>\n\t\t\t\t<section class=\"elementor-section elementor-top-section elementor-element elementor-element-d651291 elementor-hidden-desktop elementor-hidden-tablet elementor-section-boxed elementor-section-height-default elementor-section-height-default\" data-id=\"d651291\" data-element_type=\"section\" data-settings=\"{&quot;background_background&quot;:&quot;classic&quot;}\">\n\t\t\t\t\t\t<div class=\"elementor-container elementor-column-gap-no\">\n\t\t\t\t\t<div class=\"elementor-column elementor-col-100 elementor-top-column elementor-element elementor-element-1616a64\" data-id=\"1616a64\" data-element_type=\"column\">\n\t\t\t<div class=\"elementor-widget-wrap elementor-element-populated\">\n\t\t\t\t\t\t<div class=\"elementor-element elementor-element-6d7c175 e-n-tabs-mobile elementor-widget elementor-widget-n-tabs\" data-id=\"6d7c175\" data-element_type=\"widget\" data-settings=\"{&quot;horizontal_scroll&quot;:&quot;disable&quot;}\" data-widget_type=\"nested-tabs.default\">\n\t\t\t\t<div class=\"elementor-widget-container\">\n\t\t\t\t\t\t\t<div class=\"e-n-tabs\" data-widget-number=\"114803061\" aria-label=\"Sekmeler. Enter ve Space ile \u00f6geleri a\u00e7abilir, Escape ile \u00f6geleri kapatabilir ve Y\u00f6n tu\u015flar\u0131 ile \u00f6geler aras\u0131nda gezinebilirsiniz.\">\n\t\t\t<div class=\"e-n-tabs-heading\" role=\"tablist\">\n\t\t\t\t\t<button id=\"e-n-tab-title-1148030611\" class=\"e-n-tab-title\" aria-selected=\"true\" data-tab-index=\"1\" role=\"tab\" tabindex=\"0\" aria-controls=\"e-n-tab-content-1148030611\" style=\"--n-tabs-title-order: 1;\">\n\t\t\t\t\t\t<span class=\"e-n-tab-title-text\">\n\t\t\t\tY\u00d6NET\u0130M KURULU\t\t\t<\/span>\n\t\t<\/button>\n\t\t\t\t\t<\/div>\n\t\t\t<div class=\"e-n-tabs-content\">\n\t\t\t\t<div id=\"e-n-tab-content-1148030611\" role=\"tabpanel\" aria-labelledby=\"e-n-tab-title-1148030611\" data-tab-index=\"1\" style=\"--n-tabs-title-order: 1;\" class=\"e-active elementor-element elementor-element-30e6d59 e-con-full e-flex e-con e-child\" data-id=\"30e6d59\" data-element_type=\"container\">\n\t\t\t\t<div class=\"elementor-element elementor-element-f7ffe0a elementor-widget elementor-widget-text-editor\" data-id=\"f7ffe0a\" data-element_type=\"widget\" data-widget_type=\"text-editor.default\">\n\t\t\t\t<div class=\"elementor-widget-container\">\n\t\t\t\t\t\t\t\t\t<table style=\"color: #72848e; font-family: 'Open Sans', sans-serif; font-size: 14px; font-style: normal; font-variant-ligatures: normal; font-variant-caps: normal; font-weight: 400; background-color: #ffffff;\"><tbody><tr><td>Y\u00d6NET\u0130M KURULU BA\u015eKANI<\/td><td style=\"padding-left: 30px;\">FETTAH TAM\u0130NCE<\/td><\/tr><tr><td bgcolor=\"#EFEFEF\">Y\u00d6NET\u0130M KURULU BA\u015eKAN YARDIMCISI<\/td><td style=\"padding-left: 30px;\" bgcolor=\"#EFEFEF\">AL\u0130 TAM\u0130NCE<\/td><\/tr><\/tbody><\/table>\t\t\t\t\t\t\t\t<\/div>\n\t\t\t\t<\/div>\n\t\t\t\t<\/div>\n\t\t\t\t\t<\/div>\n\t\t<\/div>\n\t\t\t\t\t\t<\/div>\n\t\t\t\t<\/div>\n\t\t\t\t\t<\/div>\n\t\t<\/div>\n\t\t\t\t\t<\/div>\n\t\t<\/section>\n\t\t\t\t<section class=\"elementor-section elementor-top-section elementor-element elementor-element-2a99372 elementor-hidden-desktop elementor-hidden-tablet elementor-section-boxed elementor-section-height-default elementor-section-height-default\" data-id=\"2a99372\" data-element_type=\"section\" data-settings=\"{&quot;background_background&quot;:&quot;classic&quot;}\">\n\t\t\t\t\t\t<div class=\"elementor-container elementor-column-gap-no\">\n\t\t\t\t\t<div class=\"elementor-column elementor-col-100 elementor-top-column elementor-element elementor-element-f85db8a\" data-id=\"f85db8a\" data-element_type=\"column\">\n\t\t\t<div class=\"elementor-widget-wrap elementor-element-populated\">\n\t\t\t\t\t\t<div class=\"elementor-element elementor-element-1ad4b79 e-n-tabs-mobile elementor-widget elementor-widget-n-tabs\" data-id=\"1ad4b79\" data-element_type=\"widget\" data-settings=\"{&quot;horizontal_scroll&quot;:&quot;disable&quot;}\" data-widget_type=\"nested-tabs.default\">\n\t\t\t\t<div class=\"elementor-widget-container\">\n\t\t\t\t\t\t\t<div class=\"e-n-tabs\" data-widget-number=\"28134265\" aria-label=\"Sekmeler. Enter ve Space ile \u00f6geleri a\u00e7abilir, Escape ile \u00f6geleri kapatabilir ve Y\u00f6n tu\u015flar\u0131 ile \u00f6geler aras\u0131nda gezinebilirsiniz.\">\n\t\t\t<div class=\"e-n-tabs-heading\" role=\"tablist\">\n\t\t\t\t\t<button id=\"e-n-tab-title-281342651\" class=\"e-n-tab-title\" aria-selected=\"true\" data-tab-index=\"1\" role=\"tab\" tabindex=\"0\" aria-controls=\"e-n-tab-content-281342651\" style=\"--n-tabs-title-order: 1;\">\n\t\t\t\t\t\t<span class=\"e-n-tab-title-text\">\n\t\t\t\t\u0130LET\u0130\u015e\u0130M B\u0130LG\u0130LER\u0130\t\t\t<\/span>\n\t\t<\/button>\n\t\t\t\t\t<\/div>\n\t\t\t<div class=\"e-n-tabs-content\">\n\t\t\t\t<div id=\"e-n-tab-content-281342651\" role=\"tabpanel\" aria-labelledby=\"e-n-tab-title-281342651\" data-tab-index=\"1\" style=\"--n-tabs-title-order: 1;\" class=\"e-active elementor-element elementor-element-fd35687 e-con-full e-flex e-con e-child\" data-id=\"fd35687\" data-element_type=\"container\">\n\t\t\t\t<div class=\"elementor-element elementor-element-cfa17fb elementor-widget elementor-widget-text-editor\" data-id=\"cfa17fb\" data-element_type=\"widget\" data-widget_type=\"text-editor.default\">\n\t\t\t\t<div class=\"elementor-widget-container\">\n\t\t\t\t\t\t\t\t\t<table style=\"color: #72848e; font-family: 'Open Sans', sans-serif; font-size: 14px; font-style: normal; font-variant-ligatures: normal; font-variant-caps: normal; font-weight: 400; background-color: #ffffff;\"><tbody><tr><td>\u015e\u0130RKET \u0130\u015eLETME MERKEZ\u0130<\/td><td>\u00a0&#8211; Harbiye Mah. Dar\u00fclbedai Cad. Istanbul Kongre Merkezi No:3 \u015ei\u015fli \/ \u0130stanbul \/ T\u00fcrkiye<\/td><\/tr><tr><td bgcolor=\"#EFEFEF\">TELEFON<\/td><td bgcolor=\"#EFEFEF\">+90 212\u00a0375 19 00<\/td><\/tr><tr><td>FAX<\/td><td>+90 212\u00a0375 19 15<\/td><\/tr><tr><td bgcolor=\"#EFEFEF\">\u0130NTERNET ADRES\u0130<\/td><td bgcolor=\"#EFEFEF\">www.sembolinsaat.com.tr<\/td><\/tr><tr><td>EMA\u0130L<\/td><td>info@sembolinsaat.com.tr<\/td><\/tr><\/tbody><\/table>\t\t\t\t\t\t\t\t<\/div>\n\t\t\t\t<\/div>\n\t\t\t\t<\/div>\n\t\t\t\t\t<\/div>\n\t\t<\/div>\n\t\t\t\t\t\t<\/div>\n\t\t\t\t<\/div>\n\t\t\t\t\t<\/div>\n\t\t<\/div>\n\t\t\t\t\t<\/div>\n\t\t<\/section>\n\t\t\t\t<section class=\"elementor-section elementor-top-section elementor-element elementor-element-d6c2e2d elementor-hidden-mobile elementor-section-boxed elementor-section-height-default elementor-section-height-default\" data-id=\"d6c2e2d\" data-element_type=\"section\" data-settings=\"{&quot;background_background&quot;:&quot;classic&quot;}\">\n\t\t\t\t\t\t<div class=\"elementor-container elementor-column-gap-no\">\n\t\t\t\t\t<div class=\"elementor-column elementor-col-100 elementor-top-column elementor-element elementor-element-0e14d3b\" data-id=\"0e14d3b\" data-element_type=\"column\">\n\t\t\t<div class=\"elementor-widget-wrap elementor-element-populated\">\n\t\t\t\t\t\t<div class=\"elementor-element elementor-element-289009e e-n-tabs-mobile elementor-widget elementor-widget-n-tabs\" data-id=\"289009e\" data-element_type=\"widget\" data-settings=\"{&quot;horizontal_scroll&quot;:&quot;disable&quot;}\" data-widget_type=\"nested-tabs.default\">\n\t\t\t\t<div class=\"elementor-widget-container\">\n\t\t\t\t\t\t\t<div class=\"e-n-tabs\" data-widget-number=\"42533022\" aria-label=\"Sekmeler. Enter ve Space ile \u00f6geleri a\u00e7abilir, Escape ile \u00f6geleri kapatabilir ve Y\u00f6n tu\u015flar\u0131 ile \u00f6geler aras\u0131nda gezinebilirsiniz.\">\n\t\t\t<div class=\"e-n-tabs-heading\" role=\"tablist\">\n\t\t\t\t\t<button id=\"e-n-tab-title-425330221\" class=\"e-n-tab-title\" aria-selected=\"true\" data-tab-index=\"1\" role=\"tab\" tabindex=\"0\" aria-controls=\"e-n-tab-content-425330221\" style=\"--n-tabs-title-order: 1;\">\n\t\t\t\t\t\t<span class=\"e-n-tab-title-text\">\n\t\t\t\t\u015e\u0130RKET B\u0130LG\u0130LER\u0130\t\t\t<\/span>\n\t\t<\/button>\n\t\t\t\t<button id=\"e-n-tab-title-425330222\" class=\"e-n-tab-title\" aria-selected=\"false\" data-tab-index=\"2\" role=\"tab\" tabindex=\"-1\" aria-controls=\"e-n-tab-content-425330222\" style=\"--n-tabs-title-order: 2;\">\n\t\t\t\t\t\t<span class=\"e-n-tab-title-text\">\n\t\t\t\tY\u00d6NET\u0130M KURULU\t\t\t<\/span>\n\t\t<\/button>\n\t\t\t\t<button id=\"e-n-tab-title-425330223\" class=\"e-n-tab-title\" aria-selected=\"false\" data-tab-index=\"3\" role=\"tab\" tabindex=\"-1\" aria-controls=\"e-n-tab-content-425330223\" style=\"--n-tabs-title-order: 3;\">\n\t\t\t\t\t\t<span class=\"e-n-tab-title-text\">\n\t\t\t\t\u0130LET\u0130\u015e\u0130M B\u0130LG\u0130LER\u0130\t\t\t<\/span>\n\t\t<\/button>\n\t\t\t\t\t<\/div>\n\t\t\t<div class=\"e-n-tabs-content\">\n\t\t\t\t<div id=\"e-n-tab-content-425330221\" role=\"tabpanel\" aria-labelledby=\"e-n-tab-title-425330221\" data-tab-index=\"1\" style=\"--n-tabs-title-order: 1;\" class=\"e-active elementor-element elementor-element-d00b5de e-con-full e-flex e-con e-child\" data-id=\"d00b5de\" data-element_type=\"container\">\n\t\t\t\t<div class=\"elementor-element elementor-element-9559ded elementor-widget elementor-widget-text-editor\" data-id=\"9559ded\" data-element_type=\"widget\" data-widget_type=\"text-editor.default\">\n\t\t\t\t<div class=\"elementor-widget-container\">\n\t\t\t\t\t\t\t\t\t<div class=\"w-tabs-section-header\" style=\"position: relative; text-wrap-mode: nowrap; cursor: default; padding: 20px; transition: background-color 0.3s, color 0.3s; -webkit-tap-highlight-color: rgba(0, 0, 0, 0); background-color: #ffffff; color: #204361; font-family: 'Open Sans', sans-serif; font-size: 14px; font-style: normal; font-variant-ligatures: normal; font-variant-caps: normal; font-weight: 400;\"><div class=\"w-tabs-section-header-h\" style=\"padding-right: 40px;\"><h5 class=\"w-tabs-section-title\" style=\"font: 400 20px \/ 30px 'Open Sans', sans-serif; margin-top: 0px; display: inline-block; vertical-align: top; text-wrap-mode: wrap; max-width: calc(100% - 40px); margin-bottom: 0px !important;\">\u015e\u0130RKET B\u0130LG\u0130LER\u0130<\/h5><div class=\"w-tabs-section-control\" style=\"position: absolute; top: 35px; font-size: 28px; font-family: mdfonticon; line-height: 30px; height: 30px; width: 30px; margin-top: -15px; text-align: center; transition: transform 0.3s; transform: rotate(180deg); right: 15px;\">\u00a0<\/div><\/div><\/div><div class=\"w-tabs-section-content\" style=\"color: #72848e; font-family: 'Open Sans', sans-serif; font-size: 14px; font-style: normal; font-variant-ligatures: normal; font-variant-caps: normal; font-weight: 400; background-color: #ffffff;\"><div class=\"w-tabs-section-content-h i-cf\" style=\"margin-right: auto; margin-left: auto; max-width: 1140px; padding: 10px 20px 30px;\"><div class=\"wpb_text_column\"><div class=\"wpb_wrapper\"><table><tbody><tr><td bgcolor=\"#EFEFEF\">\u015e\u0130RKET T\u00dcR\u00dc<\/td><td bgcolor=\"#EFEFEF\">ANON\u0130M \u015e\u0130RKET<\/td><\/tr><tr><td>T\u0130CARET S\u0130C\u0130L MEMURLU\u011eU<\/td><td>\u0130STANBUL<\/td><\/tr><tr><td bgcolor=\"#EFEFEF\">T\u0130CARET S\u0130C\u0130L NUMARASI<\/td><td bgcolor=\"#EFEFEF\">631225<\/td><\/tr><tr><td>T\u0130CARET UNVANI<\/td><td>SEMBOL ULUSLARARASI YATIRIM TARIM PEYZAJ \u0130N\u015eAAT TUR\u0130ZM SANAY\u0130 VE T\u0130CARET ANON\u0130M \u015e\u0130RKET\u0130<\/td><\/tr><tr><td>TAAHH\u00dcT ED\u0130LEN SERMAYE M\u0130KTARI<\/td><td>43,760,000 T\u00dcRK L\u0130RASI<\/td><\/tr><tr><td bgcolor=\"#EFEFEF\">\u00d6DENEN SERMAYE M\u0130KTARI<\/td><td bgcolor=\"#EFEFEF\">43,760,000 T\u00dcRK L\u0130RASI<\/td><\/tr><tr><td>\u015e\u0130RKET TESC\u0130L TAR\u0130H\u0130<\/td><td>28 HAZ\u0130RAN 2004<\/td><\/tr><tr><td bgcolor=\"#EFEFEF\">VERG\u0130 DA\u0130RES\u0130<\/td><td bgcolor=\"#EFEFEF\">BO\u011eAZ\u0130\u00c7\u0130 KURUMLAR<\/td><\/tr><tr><td>VERG\u0130 NUMARASI<\/td><td>760 037 1382<\/td><\/tr><tr><td bgcolor=\"#EFEFEF\">SEKT\u00d6R<\/td><td bgcolor=\"#EFEFEF\">\u0130N\u015eAAT<\/td><\/tr><\/tbody><\/table><\/div><\/div><\/div><\/div>\t\t\t\t\t\t\t\t<\/div>\n\t\t\t\t<\/div>\n\t\t\t\t<\/div>\n\t\t<div id=\"e-n-tab-content-425330222\" role=\"tabpanel\" aria-labelledby=\"e-n-tab-title-425330222\" data-tab-index=\"2\" style=\"--n-tabs-title-order: 2;\" class=\"elementor-element elementor-element-0e77d69 e-con-full e-flex e-con e-child\" data-id=\"0e77d69\" data-element_type=\"container\">\n\t\t\t\t<div class=\"elementor-element elementor-element-f15a88d elementor-widget elementor-widget-text-editor\" data-id=\"f15a88d\" data-element_type=\"widget\" data-widget_type=\"text-editor.default\">\n\t\t\t\t<div class=\"elementor-widget-container\">\n\t\t\t\t\t\t\t\t\t<table style=\"color: #72848e; font-family: 'Open Sans', sans-serif; font-size: 14px; font-style: normal; font-variant-ligatures: normal; font-variant-caps: normal; font-weight: 400; background-color: #ffffff;\"><tbody><tr><td>Y\u00d6NET\u0130M KURULU BA\u015eKANI<\/td><td style=\"padding-left: 30px;\">FETTAH TAM\u0130NCE<\/td><\/tr><tr><td bgcolor=\"#EFEFEF\">Y\u00d6NET\u0130M KURULU BA\u015eKAN YARDIMCISI<\/td><td style=\"padding-left: 30px;\" bgcolor=\"#EFEFEF\">AL\u0130 TAM\u0130NCE<\/td><\/tr><\/tbody><\/table>\t\t\t\t\t\t\t\t<\/div>\n\t\t\t\t<\/div>\n\t\t\t\t<\/div>\n\t\t<div id=\"e-n-tab-content-425330223\" role=\"tabpanel\" aria-labelledby=\"e-n-tab-title-425330223\" data-tab-index=\"3\" style=\"--n-tabs-title-order: 3;\" class=\"elementor-element elementor-element-9a52f0c e-con-full e-flex e-con e-child\" data-id=\"9a52f0c\" data-element_type=\"container\">\n\t\t\t\t<div class=\"elementor-element elementor-element-3aff60a elementor-widget elementor-widget-text-editor\" data-id=\"3aff60a\" data-element_type=\"widget\" data-widget_type=\"text-editor.default\">\n\t\t\t\t<div class=\"elementor-widget-container\">\n\t\t\t\t\t\t\t\t\t<table style=\"color: #72848e; font-family: 'Open Sans', sans-serif; font-size: 14px; font-style: normal; font-variant-ligatures: normal; font-variant-caps: normal; font-weight: 400; background-color: #ffffff;\"><tbody><tr><td>\u015e\u0130RKET \u0130\u015eLETME MERKEZ\u0130<\/td><td>\u00a0&#8211; Harbiye Mah. Dar\u00fclbedai Cad. Istanbul Kongre Merkezi No:3 \u015ei\u015fli \/ \u0130stanbul \/ T\u00fcrkiye<\/td><\/tr><tr><td bgcolor=\"#EFEFEF\">TELEFON<\/td><td bgcolor=\"#EFEFEF\">+90 212\u00a0375 19 00<\/td><\/tr><tr><td>FAX<\/td><td>+90 212\u00a0375 19 15<\/td><\/tr><tr><td bgcolor=\"#EFEFEF\">\u0130NTERNET ADRES\u0130<\/td><td bgcolor=\"#EFEFEF\">www.sembolinsaat.com.tr<\/td><\/tr><tr><td>EMA\u0130L<\/td><td>info@sembolinsaat.com.tr<\/td><\/tr><\/tbody><\/table>\t\t\t\t\t\t\t\t<\/div>\n\t\t\t\t<\/div>\n\t\t\t\t<\/div>\n\t\t\t\t\t<\/div>\n\t\t<\/div>\n\t\t\t\t\t\t<\/div>\n\t\t\t\t<\/div>\n\t\t\t\t\t<\/div>\n\t\t<\/div>\n\t\t\t\t\t<\/div>\n\t\t<\/section>\n\t\t\t\t<\/div>","protected":false},"excerpt":{"rendered":"<p>\u015e\u0130RKET B\u0130LG\u0130LER\u0130 \u015e\u0130RKET B\u0130LG\u0130LER\u0130 \u00a0 \u015e\u0130RKET T\u00dcR\u00dc ANON\u0130M \u015e\u0130RKET T\u0130CARET S\u0130C\u0130L MEMURLU\u011eU \u0130STANBUL T\u0130CARET S\u0130C\u0130L NUMARASI 631225 T\u0130CARET UNVANI SEMBOL ULUSLARARASI YATIRIM TARIM PEYZAJ \u0130N\u015eAAT TUR\u0130ZM SANAY\u0130 VE T\u0130CARET ANON\u0130M \u015e\u0130RKET\u0130 TAAHH\u00dcT ED\u0130LEN SERMAYE M\u0130KTARI 43,760,000 T\u00dcRK L\u0130RASI \u00d6DENEN SERMAYE M\u0130KTARI 43,760,000 T\u00dcRK L\u0130RASI \u015e\u0130RKET TESC\u0130L TAR\u0130H\u0130 28 HAZ\u0130RAN 2004 VERG\u0130 DA\u0130RES\u0130 BO\u011eAZ\u0130\u00c7\u0130 KURUMLAR VERG\u0130&#8230;<\/p>","protected":false},"author":1,"featured_media":0,"parent":0,"menu_order":0,"comment_status":"closed","ping_status":"closed","template":"","meta":{"footnotes":""},"class_list":["post-2217","page","type-page","status-publish","hentry"],"_links":{"self":[{"href":"https:\/\/sembolinsaat.com.tr\/tr\/wp-json\/wp\/v2\/pages\/2217","targetHints":{"allow":["GET"]}}],"collection":[{"href":"https:\/\/sembolinsaat.com.tr\/tr\/wp-json\/wp\/v2\/pages"}],"about":[{"href":"https:\/\/sembolinsaat.com.tr\/tr\/wp-json\/wp\/v2\/types\/page"}],"author":[{"embeddable":true,"href":"https:\/\/sembolinsaat.com.tr\/tr\/wp-json\/wp\/v2\/users\/1"}],"replies":[{"embeddable":true,"href":"https:\/\/sembolinsaat.com.tr\/tr\/wp-json\/wp\/v2\/comments?post=2217"}],"version-history":[{"count":13,"href":"https:\/\/sembolinsaat.com.tr\/tr\/wp-json\/wp\/v2\/pages\/2217\/revisions"}],"predecessor-version":[{"id":989086,"href":"https:\/\/sembolinsaat.com.tr\/tr\/wp-json\/wp\/v2\/pages\/2217\/revisions\/989086"}],"wp:attachment":[{"href":"https:\/\/sembolinsaat.com.tr\/tr\/wp-json\/wp\/v2\/media?parent=2217"}],"curies":[{"name":"wp","href":"https:\/\/api.w.org\/{rel}","templated":true}]}}