{"id":2223,"date":"2022-10-09T23:22:24","date_gmt":"2022-10-09T23:22:24","guid":{"rendered":"https:\/\/konstruktion.vamtam.com\/?page_id=2223"},"modified":"2025-04-15T14:06:15","modified_gmt":"2025-04-15T14:06:15","slug":"careers","status":"publish","type":"page","link":"https:\/\/sembolinsaat.com.tr\/tr\/careers\/","title":{"rendered":"Kariyer"},"content":{"rendered":"<div data-elementor-type=\"wp-page\" data-elementor-id=\"2223\" class=\"elementor elementor-2223\" data-elementor-post-type=\"page\">\n\t\t\t\t\t\t<section class=\"elementor-section elementor-top-section elementor-element elementor-element-6a596ac elementor-section-boxed elementor-section-height-default elementor-section-height-default\" data-id=\"6a596ac\" data-element_type=\"section\">\n\t\t\t\t\t\t<div class=\"elementor-container elementor-column-gap-no\">\n\t\t\t\t\t<div class=\"elementor-column elementor-col-50 elementor-top-column elementor-element elementor-element-0c6598a\" data-id=\"0c6598a\" data-element_type=\"column\">\n\t\t\t<div class=\"elementor-widget-wrap elementor-element-populated\">\n\t\t\t\t\t\t\t<\/div>\n\t\t<\/div>\n\t\t\t\t<div class=\"elementor-column elementor-col-50 elementor-top-column elementor-element elementor-element-f7fdd33\" data-id=\"f7fdd33\" data-element_type=\"column\">\n\t\t\t<div class=\"elementor-widget-wrap elementor-element-populated\">\n\t\t\t\t\t\t<div class=\"elementor-element elementor-element-03782e7 elementor-widget elementor-widget-text-editor\" data-id=\"03782e7\" data-element_type=\"widget\" data-widget_type=\"text-editor.default\">\n\t\t\t\t<div class=\"elementor-widget-container\">\n\t\t\t\t\t\t\t\t\t<div class=\"wpb_text_column\"><div class=\"wpb_wrapper\"><strong>NASIL BA\u015eVURAB\u0130L\u0130R\u0130M<\/strong><p>\u00a0<\/p><p>\u00d6zge\u00e7mi\u015finizi hr@sembolinsaat.com.tr adresimize e-mail g\u00f6ndererek ba\u015fvuruda bulunabilirsiniz.\n\n\u015eirketimize genel ba\u015fvuru yapabilir; mevcut kariyer f\u0131rsatlar\u0131na da www.kariyer.net sitesinden ula\u015fabilirsiniz.\n\n\u00d6z ge\u00e7mi\u015finizin bize ula\u015fmas\u0131 ile birlikte ba\u015fvurunuz \u00f6n de\u011ferlendirmeye al\u0131n\u0131r.\nBa\u015fvurdu\u011funuz pozisyonda aranan \u00f6zellikler ile niteliklerinizin \u00f6rt\u00fc\u015fmesi ve olumlu bulunmas\u0131 durumunda sizinle irtibata ge\u00e7ilir.\n\nGenel ba\u015fvurular ise ileride olu\u015fabilecek t\u00fcm pozisyonlar i\u00e7in kay\u0131t alt\u0131na al\u0131n\u0131r ve ihtiya\u00e7 halinde de\u011ferlendirilir.<\/p><\/div><\/div>\t\t\t\t\t\t\t\t<\/div>\n\t\t\t\t<\/div>\n\t\t\t\t\t<\/div>\n\t\t<\/div>\n\t\t\t\t\t<\/div>\n\t\t<\/section>\n\t\t\t\t<section class=\"elementor-section elementor-top-section elementor-element elementor-element-9f46239 elementor-section-content-bottom elementor-section-boxed elementor-section-height-default elementor-section-height-default\" data-id=\"9f46239\" data-element_type=\"section\" data-settings=\"{&quot;background_background&quot;:&quot;classic&quot;}\">\n\t\t\t\t\t\t<div class=\"elementor-container elementor-column-gap-no\">\n\t\t\t\t\t<div class=\"elementor-column elementor-col-50 elementor-top-column elementor-element elementor-element-a4ccbfd\" data-id=\"a4ccbfd\" data-element_type=\"column\">\n\t\t\t<div class=\"elementor-widget-wrap elementor-element-populated\">\n\t\t\t\t\t\t<div class=\"elementor-element elementor-element-9d28434 elementor-widget elementor-widget-heading\" data-id=\"9d28434\" data-element_type=\"widget\" data-widget_type=\"heading.default\">\n\t\t\t\t<div class=\"elementor-widget-container\">\n\t\t\t\t\t<h2 class=\"elementor-heading-title elementor-size-default\">Sembol \u0130n\u015faat<\/h2>\t\t\t\t<\/div>\n\t\t\t\t<\/div>\n\t\t\t\t\t<\/div>\n\t\t<\/div>\n\t\t\t\t<div class=\"elementor-column elementor-col-50 elementor-top-column elementor-element elementor-element-90c7a15\" data-id=\"90c7a15\" data-element_type=\"column\">\n\t\t\t<div class=\"elementor-widget-wrap elementor-element-populated\">\n\t\t\t\t\t\t<div class=\"elementor-element elementor-element-1cd5602 elementor-widget elementor-widget-text-editor\" data-id=\"1cd5602\" data-element_type=\"widget\" data-widget_type=\"text-editor.default\">\n\t\t\t\t<div class=\"elementor-widget-container\">\n\t\t\t\t\t\t\t\t\t<p>Sembol \u0130n\u015faat olarak i\u015fe al\u0131m ve kariyer planlama alanlar\u0131nda hi\u00e7bir ayr\u0131m g\u00f6zetmeksizin t\u00fcm \u00e7al\u0131\u015fanlara e\u015fit olanak ve hak sa\u011flar\u0131z. \u00c7al\u0131\u015fanlar\u0131m\u0131za y\u00fcksek standartlarda, g\u00fcvenli ve kendilerini s\u00fcrekli geli\u015ftirebilmelerine imkan tan\u0131yan i\u015f ortam\u0131 yaratmak birinci g\u00f6revimizdir.\n\nHer bir bireyin mutlaka \u00e7ok ba\u015far\u0131l\u0131 oldu\u011fu bir alan oldu\u011funa inanmak ve \u00d6nemli olan \u00e7al\u0131\u015fanlar\u0131n g\u00fc\u00e7l\u00fc yanlar\u0131n\u0131n belirlenip, kariyerlerini geli\u015ftirme s\u00fcrecinde onlara destek olmak Sembol \u0130n\u015faat\u2019\u0131n temel IK politikas\u0131d\u0131r.\n\nY\u00fcksek etik standartlar\u0131m\u0131z en \u00f6nemli de\u011ferimizdir\nSembol \u0130n\u015faat ; etik olmayan davran\u0131\u015flara, \u00e7al\u0131\u015f\u0131lan \u00fclkenin de\u011ferlerine ve kanunlar\u0131na, kurum k\u00fclt\u00fcr\u00fcne ayk\u0131r\u0131 tutum sergilenmesine tahamm\u00fcl etmez. T\u00fcm \u00e7al\u0131\u015fanlar, bu de\u011ferlere ve kurallara g\u00f6re hareket eder.\nBa\u015far\u0131m\u0131z\u0131n; alan\u0131nda uzman \u00e7al\u0131\u015fanlardan olu\u015fmu\u015f ekiplerden geldi\u011fini biliyoruz, bunun i\u00e7in insan kayna\u011f\u0131m\u0131z ve onlar\u0131n g\u00fcvenli\u011fi yapt\u0131\u011f\u0131m\u0131z her i\u015fte ilk \u00f6nceli\u011fimizdir.<\/p>\t\t\t\t\t\t\t\t<\/div>\n\t\t\t\t<\/div>\n\t\t\t\t\t<\/div>\n\t\t<\/div>\n\t\t\t\t\t<\/div>\n\t\t<\/section>\n\t\t\t\t<section class=\"elementor-section elementor-top-section elementor-element elementor-element-e226ded elementor-section-boxed elementor-section-height-default elementor-section-height-default\" data-id=\"e226ded\" data-element_type=\"section\">\n\t\t\t\t\t\t<div class=\"elementor-container elementor-column-gap-no\">\n\t\t\t\t\t<div class=\"elementor-column elementor-col-33 elementor-top-column elementor-element elementor-element-7277265 vamtam-cta-btn\" data-id=\"7277265\" data-element_type=\"column\">\n\t\t\t<div class=\"elementor-widget-wrap elementor-element-populated\">\n\t\t\t\t\t\t<div class=\"elementor-element elementor-element-350db34 elementor-widget elementor-widget-icon-box\" data-id=\"350db34\" data-element_type=\"widget\" data-widget_type=\"icon-box.default\">\n\t\t\t\t<div class=\"elementor-widget-container\">\n\t\t\t\t\t\t\t<div class=\"elementor-icon-box-wrapper\">\n\n\t\t\t\n\t\t\t\t\t\t<div class=\"elementor-icon-box-content\">\n\n\t\t\t\t\t\t\t\t\t<h3 class=\"elementor-icon-box-title\">\n\t\t\t\t\t\t<span  >\n\t\t\t\t\t\t\t\u0130K V\u0130ZYON\t\t\t\t\t\t<\/span>\n\t\t\t\t\t<\/h3>\n\t\t\t\t\n\t\t\t\t\t\t\t\t\t<p class=\"elementor-icon-box-description\">\n\t\t\t\t\t\tFarkl\u0131 bak\u0131\u015f a\u00e7\u0131lar\u0131na sahip yeteneklerin bir arada uyumlu \u00e7al\u0131\u015fmas\u0131n\u0131 sa\u011flayarak, olu\u015facak fikir \u00e7e\u015fitliliklerini i\u015f yap\u0131\u015f \u015feklimizde global piyasalarda rekabet\u00e7i avantajlara \u00e7evirmektir.\t\t\t\t\t<\/p>\n\t\t\t\t\n\t\t\t<\/div>\n\t\t\t\n\t\t<\/div>\n\t\t\t\t\t\t<\/div>\n\t\t\t\t<\/div>\n\t\t\t\t\t<\/div>\n\t\t<\/div>\n\t\t\t\t<div class=\"elementor-column elementor-col-33 elementor-top-column elementor-element elementor-element-dd8e5e7\" data-id=\"dd8e5e7\" data-element_type=\"column\">\n\t\t\t<div class=\"elementor-widget-wrap elementor-element-populated\">\n\t\t\t\t\t\t<div class=\"elementor-element elementor-element-576f6ab elementor-widget elementor-widget-icon-box\" data-id=\"576f6ab\" data-element_type=\"widget\" data-widget_type=\"icon-box.default\">\n\t\t\t\t<div class=\"elementor-widget-container\">\n\t\t\t\t\t\t\t<div class=\"elementor-icon-box-wrapper\">\n\n\t\t\t\n\t\t\t\t\t\t<div class=\"elementor-icon-box-content\">\n\n\t\t\t\t\t\t\t\t\t<h3 class=\"elementor-icon-box-title\">\n\t\t\t\t\t\t<span  >\n\t\t\t\t\t\t\t\u0130K M\u0130SYON\t\t\t\t\t\t<\/span>\n\t\t\t\t\t<\/h3>\n\t\t\t\t\n\t\t\t\t\t\t\t\t\t<p class=\"elementor-icon-box-description\">\n\t\t\t\t\t\tUzmanl\u0131k alanlar\u0131yla ilgili idealist d\u00fc\u015f\u00fcnce ve yakla\u015f\u0131mlara sahip yeteneklerin b\u00fcnyemize kat\u0131lmas\u0131n\u0131 ve devaml\u0131l\u0131\u011f\u0131n\u0131 sa\u011flarken, uluslar aras\u0131 piyasalardaki m\u00fc\u015fterilerimizin \u00e7e\u015fitli beklentilerini kar\u015f\u0131layacak yeniliklere a\u00e7\u0131k bir \u00e7al\u0131\u015fan k\u00fclt\u00fcr\u00fc olu\u015fturmakt\u0131r.\t\t\t\t\t<\/p>\n\t\t\t\t\n\t\t\t<\/div>\n\t\t\t\n\t\t<\/div>\n\t\t\t\t\t\t<\/div>\n\t\t\t\t<\/div>\n\t\t\t\t\t<\/div>\n\t\t<\/div>\n\t\t\t\t<div class=\"elementor-column elementor-col-33 elementor-top-column elementor-element elementor-element-ce9b970\" data-id=\"ce9b970\" data-element_type=\"column\">\n\t\t\t<div class=\"elementor-widget-wrap elementor-element-populated\">\n\t\t\t\t\t\t<div class=\"elementor-element elementor-element-367003c elementor-widget elementor-widget-icon-box\" data-id=\"367003c\" data-element_type=\"widget\" data-widget_type=\"icon-box.default\">\n\t\t\t\t<div class=\"elementor-widget-container\">\n\t\t\t\t\t\t\t<div class=\"elementor-icon-box-wrapper\">\n\n\t\t\t\n\t\t\t\t\t\t<div class=\"elementor-icon-box-content\">\n\n\t\t\t\t\t\t\t\t\t<h3 class=\"elementor-icon-box-title\">\n\t\t\t\t\t\t<span  >\n\t\t\t\t\t\t\t-\t\t\t\t\t\t<\/span>\n\t\t\t\t\t<\/h3>\n\t\t\t\t\n\t\t\t\t\t\t\t\t\t<p class=\"elementor-icon-box-description\">\n\t\t\t\t\t\t-\t\t\t\t\t<\/p>\n\t\t\t\t\n\t\t\t<\/div>\n\t\t\t\n\t\t<\/div>\n\t\t\t\t\t\t<\/div>\n\t\t\t\t<\/div>\n\t\t\t\t\t<\/div>\n\t\t<\/div>\n\t\t\t\t\t<\/div>\n\t\t<\/section>\n\t\t\t\t<\/div>","protected":false},"excerpt":{"rendered":"<p>How to Apply \u00a0 All you need to do to become a member of the Sembol Construction\u00a0family, is to act now and take the first step. Sembol Construction We believe that every person is undoubtedly successful in any sphere. In this case, it is important for us to discover the strong features of an employee&#8230;<\/p>","protected":false},"author":1,"featured_media":0,"parent":0,"menu_order":0,"comment_status":"closed","ping_status":"closed","template":"","meta":{"footnotes":""},"class_list":["post-2223","page","type-page","status-publish","hentry"],"_links":{"self":[{"href":"https:\/\/sembolinsaat.com.tr\/tr\/wp-json\/wp\/v2\/pages\/2223","targetHints":{"allow":["GET"]}}],"collection":[{"href":"https:\/\/sembolinsaat.com.tr\/tr\/wp-json\/wp\/v2\/pages"}],"about":[{"href":"https:\/\/sembolinsaat.com.tr\/tr\/wp-json\/wp\/v2\/types\/page"}],"author":[{"embeddable":true,"href":"https:\/\/sembolinsaat.com.tr\/tr\/wp-json\/wp\/v2\/users\/1"}],"replies":[{"embeddable":true,"href":"https:\/\/sembolinsaat.com.tr\/tr\/wp-json\/wp\/v2\/comments?post=2223"}],"version-history":[{"count":6,"href":"https:\/\/sembolinsaat.com.tr\/tr\/wp-json\/wp\/v2\/pages\/2223\/revisions"}],"predecessor-version":[{"id":989083,"href":"https:\/\/sembolinsaat.com.tr\/tr\/wp-json\/wp\/v2\/pages\/2223\/revisions\/989083"}],"wp:attachment":[{"href":"https:\/\/sembolinsaat.com.tr\/tr\/wp-json\/wp\/v2\/media?parent=2223"}],"curies":[{"name":"wp","href":"https:\/\/api.w.org\/{rel}","templated":true}]}}