{"id":5308,"date":"2022-10-24T12:50:32","date_gmt":"2022-10-24T12:50:32","guid":{"rendered":"https:\/\/konstruktion.vamtam.com\/?page_id=5308"},"modified":"2025-04-15T14:03:31","modified_gmt":"2025-04-15T14:03:31","slug":"fields-of-activities","status":"publish","type":"page","link":"https:\/\/sembolinsaat.com.tr\/tr\/fields-of-activity\/fields-of-activities\/","title":{"rendered":"FAAL\u0130YET ALANLARI"},"content":{"rendered":"<div data-elementor-type=\"wp-page\" data-elementor-id=\"5308\" class=\"elementor elementor-5308\" data-elementor-post-type=\"page\">\n\t\t\t\t\t\t<section class=\"elementor-section elementor-top-section elementor-element elementor-element-d32a041 elementor-section-boxed elementor-section-height-default elementor-section-height-default\" data-id=\"d32a041\" data-element_type=\"section\">\n\t\t\t\t\t\t<div class=\"elementor-container elementor-column-gap-no\">\n\t\t\t\t\t<div class=\"elementor-column elementor-col-50 elementor-top-column elementor-element elementor-element-e223cb2\" data-id=\"e223cb2\" data-element_type=\"column\">\n\t\t\t<div class=\"elementor-widget-wrap elementor-element-populated\">\n\t\t\t\t\t\t\t<\/div>\n\t\t<\/div>\n\t\t\t\t<div class=\"elementor-column elementor-col-50 elementor-top-column elementor-element elementor-element-222fe62\" data-id=\"222fe62\" data-element_type=\"column\">\n\t\t\t<div class=\"elementor-widget-wrap elementor-element-populated\">\n\t\t\t\t\t\t\t<\/div>\n\t\t<\/div>\n\t\t\t\t\t<\/div>\n\t\t<\/section>\n\t\t\t\t<section class=\"elementor-section elementor-top-section elementor-element elementor-element-aa2134c elementor-section-full_width elementor-section-height-min-height elementor-section-stretched elementor-section-height-default elementor-section-items-middle\" data-id=\"aa2134c\" data-element_type=\"section\" data-settings=\"{&quot;background_background&quot;:&quot;classic&quot;,&quot;stretch_section&quot;:&quot;section-stretched&quot;}\">\n\t\t\t\t\t\t<div class=\"elementor-container elementor-column-gap-default\">\n\t\t\t\t\t<div class=\"elementor-column elementor-col-100 elementor-top-column elementor-element elementor-element-73329ac\" data-id=\"73329ac\" data-element_type=\"column\">\n\t\t\t<div class=\"elementor-widget-wrap\">\n\t\t\t\t\t\t\t<\/div>\n\t\t<\/div>\n\t\t\t\t\t<\/div>\n\t\t<\/section>\n\t\t\t\t<section class=\"elementor-section elementor-top-section elementor-element elementor-element-de41543 elementor-section-content-middle elementor-section-boxed elementor-section-height-default elementor-section-height-default\" data-id=\"de41543\" data-element_type=\"section\">\n\t\t\t\t\t\t<div class=\"elementor-container elementor-column-gap-no\">\n\t\t\t\t\t<div class=\"elementor-column elementor-col-50 elementor-top-column elementor-element elementor-element-745bdd6\" data-id=\"745bdd6\" data-element_type=\"column\">\n\t\t\t<div class=\"elementor-widget-wrap elementor-element-populated\">\n\t\t\t\t\t\t<div class=\"elementor-element elementor-element-8fdefe1 elementor-widget elementor-widget-heading\" data-id=\"8fdefe1\" data-element_type=\"widget\" data-widget_type=\"heading.default\">\n\t\t\t\t<div class=\"elementor-widget-container\">\n\t\t\t\t\t<h2 class=\"elementor-heading-title elementor-size-default\">ANAHTAR TESL\u0130M\u0130 \u0130N\u015eAAT S\u00d6ZLE\u015eMELER\u0130<\/h2>\t\t\t\t<\/div>\n\t\t\t\t<\/div>\n\t\t\t\t<div class=\"elementor-element elementor-element-c865991 elementor-widget elementor-widget-text-editor\" data-id=\"c865991\" data-element_type=\"widget\" data-widget_type=\"text-editor.default\">\n\t\t\t\t<div class=\"elementor-widget-container\">\n\t\t\t\t\t\t\t\t\t<p>\u00a0Sembol \u0130n\u015faat, m\u00fc\u015fterilerine en iyi in\u015faat uygulamalar\u0131 ve en iyi \u00e7\u00f6z\u00fcmleri sunmak i\u00e7in; alt y\u00fckleniciler, tasar\u0131mc\u0131lar, dan\u0131\u015fmanlar, \u00f6zel \u015firketler ve kendi uzman ekibiyle birlikte hizmet vermekte, ihtiya\u00e7 halinde bu gruplar\u0131 koordinasyon ve planlama do\u011frultusunda kullanarak anahtar teslimi in\u015faat \u00e7\u00f6z\u00fcmleri sunmaktad\u0131r.<\/p>\t\t\t\t\t\t\t\t<\/div>\n\t\t\t\t<\/div>\n\t\t\t\t\t<\/div>\n\t\t<\/div>\n\t\t\t\t<div class=\"elementor-column elementor-col-50 elementor-top-column elementor-element elementor-element-2dad3b6\" data-id=\"2dad3b6\" data-element_type=\"column\">\n\t\t\t<div class=\"elementor-widget-wrap elementor-element-populated\">\n\t\t\t\t\t\t<div class=\"elementor-element elementor-element-b99dc7c elementor-widget elementor-widget-image\" data-id=\"b99dc7c\" data-element_type=\"widget\" data-widget_type=\"image.default\">\n\t\t\t\t<div class=\"elementor-widget-container\">\n\t\t\t\t\t\t\t\t\t\t\t\t\t\t\t<img fetchpriority=\"high\" decoding=\"async\" width=\"1024\" height=\"449\" src=\"https:\/\/sembolinsaat.com.tr\/wp-content\/uploads\/2025\/03\/kutuphane1-1024x449.jpg\" class=\"attachment-large size-large wp-image-988272\" alt=\"\" srcset=\"https:\/\/sembolinsaat.com.tr\/wp-content\/uploads\/2025\/03\/kutuphane1-1024x449.jpg 1024w, https:\/\/sembolinsaat.com.tr\/wp-content\/uploads\/2025\/03\/kutuphane1-300x132.jpg 300w, https:\/\/sembolinsaat.com.tr\/wp-content\/uploads\/2025\/03\/kutuphane1-768x337.jpg 768w, https:\/\/sembolinsaat.com.tr\/wp-content\/uploads\/2025\/03\/kutuphane1-18x8.jpg 18w, https:\/\/sembolinsaat.com.tr\/wp-content\/uploads\/2025\/03\/kutuphane1.jpg 1140w\" sizes=\"(max-width: 1024px) 100vw, 1024px\" \/>\t\t\t\t\t\t\t\t\t\t\t\t\t\t\t<\/div>\n\t\t\t\t<\/div>\n\t\t\t\t\t<\/div>\n\t\t<\/div>\n\t\t\t\t\t<\/div>\n\t\t<\/section>\n\t\t<div class=\"elementor-element elementor-element-d66b911 e-flex e-con-boxed e-con e-parent\" data-id=\"d66b911\" data-element_type=\"container\">\n\t\t\t\t\t<div class=\"e-con-inner\">\n\t\t<div class=\"elementor-element elementor-element-6137aa6 e-con-full e-flex e-con e-child\" data-id=\"6137aa6\" data-element_type=\"container\">\n\t\t\t\t<div class=\"elementor-element elementor-element-451346d elementor-position-top elementor-widget elementor-widget-image-box\" data-id=\"451346d\" data-element_type=\"widget\" data-widget_type=\"image-box.default\">\n\t\t\t\t<div class=\"elementor-widget-container\">\n\t\t\t\t\t<div class=\"elementor-image-box-wrapper\"><figure class=\"elementor-image-box-img\"><img decoding=\"async\" width=\"300\" height=\"264\" src=\"https:\/\/sembolinsaat.com.tr\/wp-content\/uploads\/2025\/03\/06-300x264.jpg\" class=\"attachment-medium size-medium wp-image-988722\" alt=\"\" srcset=\"https:\/\/sembolinsaat.com.tr\/wp-content\/uploads\/2025\/03\/06-300x264.jpg 300w, https:\/\/sembolinsaat.com.tr\/wp-content\/uploads\/2025\/03\/06-1024x901.jpg 1024w, https:\/\/sembolinsaat.com.tr\/wp-content\/uploads\/2025\/03\/06-768x676.jpg 768w, https:\/\/sembolinsaat.com.tr\/wp-content\/uploads\/2025\/03\/06-1536x1352.jpg 1536w, https:\/\/sembolinsaat.com.tr\/wp-content\/uploads\/2025\/03\/06-14x12.jpg 14w, https:\/\/sembolinsaat.com.tr\/wp-content\/uploads\/2025\/03\/06.jpg 1920w\" sizes=\"(max-width: 300px) 100vw, 300px\" \/><\/figure><div class=\"elementor-image-box-content\"><h3 class=\"elementor-image-box-title\">DESIGN & BUILD<\/h3><p class=\"elementor-image-box-description\">Sembol \u0130n\u015faat \u00fcstelendi\u011fi projelerde, m\u00fc\u015fteri ihtiya\u00e7lar\u0131n\u0131 tam \u00f6l\u00e7\u00fcde yerine getirmek i\u00e7in tasar\u0131m hizmetleri vermektedir. D\u00fcnyan\u0131n \u00f6nde gelen mimarl\u0131k firmalar\u0131yla ili\u015fkileri, d\u00fcnyan\u0131n herhangi bir yerinde tasar\u0131m in\u015fa projelerini y\u00fcr\u00fctmede Sembol \u0130n\u015faat\u2019\u0131 e\u015fsiz bir konuma koymaktad\u0131r.<\/p><\/div><\/div>\t\t\t\t<\/div>\n\t\t\t\t<\/div>\n\t\t\t\t<\/div>\n\t\t<div class=\"elementor-element elementor-element-0436196 e-con-full e-flex e-con e-child\" data-id=\"0436196\" data-element_type=\"container\">\n\t\t\t\t<div class=\"elementor-element elementor-element-c367f46 elementor-position-top elementor-widget elementor-widget-image-box\" data-id=\"c367f46\" data-element_type=\"widget\" data-widget_type=\"image-box.default\">\n\t\t\t\t<div class=\"elementor-widget-container\">\n\t\t\t\t\t<div class=\"elementor-image-box-wrapper\"><figure class=\"elementor-image-box-img\"><img decoding=\"async\" width=\"1024\" height=\"449\" src=\"https:\/\/sembolinsaat.com.tr\/wp-content\/uploads\/2025\/03\/han7-1024x449.jpg\" class=\"attachment-large size-large wp-image-988410\" alt=\"\" srcset=\"https:\/\/sembolinsaat.com.tr\/wp-content\/uploads\/2025\/03\/han7-1024x449.jpg 1024w, https:\/\/sembolinsaat.com.tr\/wp-content\/uploads\/2025\/03\/han7-300x132.jpg 300w, https:\/\/sembolinsaat.com.tr\/wp-content\/uploads\/2025\/03\/han7-768x337.jpg 768w, https:\/\/sembolinsaat.com.tr\/wp-content\/uploads\/2025\/03\/han7-18x8.jpg 18w, https:\/\/sembolinsaat.com.tr\/wp-content\/uploads\/2025\/03\/han7.jpg 1140w\" sizes=\"(max-width: 1024px) 100vw, 1024px\" \/><\/figure><div class=\"elementor-image-box-content\"><h3 class=\"elementor-image-box-title\">M\u00dcHEND\u0130SL\u0130K H\u0130ZMETLER\u0130<\/h3><p class=\"elementor-image-box-description\">  Sembol \u0130n\u015faat, m\u00fc\u015fterilerine profosyonel kadrosu ve m\u00fchendislik- tasar\u0131m firmalar\u0131 arac\u0131l\u0131\u011f\u0131yla y\u00fcksek m\u00fchendislik hizmeti vermektedir.\nTamamlad\u0131\u011f\u0131 anahtar teslim projelerde, ger\u00e7ekle\u015ftirdi\u011fi m\u00fchendislik hizmeti ile b\u00fcy\u00fck bir deneyime sahip olan Sembol \u0130n\u015faat, uluslararas\u0131 m\u00fchendislik ve tasar\u0131m standartlar\u0131n\u0131 yerel kurulu\u015flarda onaylama s\u00fcre\u00e7lerini de i\u015fletir. <\/p><\/div><\/div>\t\t\t\t<\/div>\n\t\t\t\t<\/div>\n\t\t\t\t<\/div>\n\t\t\t\t\t<\/div>\n\t\t\t\t<\/div>\n\t\t<div class=\"elementor-element elementor-element-aa9e28d e-flex e-con-boxed e-con e-parent\" data-id=\"aa9e28d\" data-element_type=\"container\">\n\t\t\t\t\t<div class=\"e-con-inner\">\n\t\t<div class=\"elementor-element elementor-element-48f90c3 e-con-full e-flex e-con e-child\" data-id=\"48f90c3\" data-element_type=\"container\">\n\t\t\t\t<div class=\"elementor-element elementor-element-0f2c0a8 elementor-position-top elementor-widget elementor-widget-image-box\" data-id=\"0f2c0a8\" data-element_type=\"widget\" data-widget_type=\"image-box.default\">\n\t\t\t\t<div class=\"elementor-widget-container\">\n\t\t\t\t\t<div class=\"elementor-image-box-wrapper\"><figure class=\"elementor-image-box-img\"><img loading=\"lazy\" decoding=\"async\" width=\"300\" height=\"200\" src=\"https:\/\/sembolinsaat.com.tr\/wp-content\/uploads\/2025\/02\/service1-300x200.png\" class=\"attachment-medium size-medium wp-image-987740\" alt=\"\" srcset=\"https:\/\/sembolinsaat.com.tr\/wp-content\/uploads\/2025\/02\/service1-300x200.png 300w, https:\/\/sembolinsaat.com.tr\/wp-content\/uploads\/2025\/02\/service1-768x512.png 768w, https:\/\/sembolinsaat.com.tr\/wp-content\/uploads\/2025\/02\/service1.png 1024w\" sizes=\"(max-width: 300px) 100vw, 300px\" \/><\/figure><div class=\"elementor-image-box-content\"><h3 class=\"elementor-image-box-title\">\u0130HALE Y\u00d6NET\u0130M\u0130<\/h3><p class=\"elementor-image-box-description\">Yurt i\u00e7i ve yurt d\u0131\u015f\u0131nda y\u00fcr\u00fctt\u00fc\u011f\u00fc projelerde Sembol \u0130n\u015faat y\u0131llard\u0131r k\u00fcresel tedarik zinciri organizasyonlar\u0131n\u0131 s\u00f6zle\u015fme hizmetleri kapsam\u0131nda tamamlayarak m\u00fc\u015fterilerine hizmet vermektedir. Proje s\u00fcre\u00e7lerinin y\u00f6netimi; otomasyon ara\u00e7lar\u0131, piyasa verileri, sorumlu sat\u0131n alma, ihtiya\u00e7 duyulmas\u0131 halinde g\u00fcvenilir tedarik\u00e7i ve ta\u015feronlar\u0131n temini ve y\u00f6netimi, hizmetin tamamlanmas\u0131 ve g\u00fcvenli teslimat\u0131, uzman kadro ile zaman\u0131nda ve d\u00fc\u015f\u00fck toplam sahip olma maliyeti m\u00fc\u015fteri ba\u011fl\u0131l\u0131\u011f\u0131 ve memnuniyeti her daim g\u00f6z \u00f6n\u00fcnde bulundurularak y\u00fcr\u00fct\u00fclmektedir.<\/p><\/div><\/div>\t\t\t\t<\/div>\n\t\t\t\t<\/div>\n\t\t\t\t<\/div>\n\t\t<div class=\"elementor-element elementor-element-5349bc6 e-con-full e-flex e-con e-child\" data-id=\"5349bc6\" data-element_type=\"container\">\n\t\t\t\t<div class=\"elementor-element elementor-element-042c1df elementor-position-top elementor-widget elementor-widget-image-box\" data-id=\"042c1df\" data-element_type=\"widget\" data-widget_type=\"image-box.default\">\n\t\t\t\t<div class=\"elementor-widget-container\">\n\t\t\t\t\t<div class=\"elementor-image-box-wrapper\"><figure class=\"elementor-image-box-img\"><img loading=\"lazy\" decoding=\"async\" width=\"768\" height=\"300\" src=\"https:\/\/sembolinsaat.com.tr\/wp-content\/uploads\/2025\/02\/tren2-768x300.jpg\" class=\"attachment-medium_large size-medium_large wp-image-988191\" alt=\"\" srcset=\"https:\/\/sembolinsaat.com.tr\/wp-content\/uploads\/2025\/02\/tren2-768x300.jpg 768w, https:\/\/sembolinsaat.com.tr\/wp-content\/uploads\/2025\/02\/tren2-300x117.jpg 300w, https:\/\/sembolinsaat.com.tr\/wp-content\/uploads\/2025\/02\/tren2.jpg 1024w\" sizes=\"(max-width: 768px) 100vw, 768px\" \/><\/figure><div class=\"elementor-image-box-content\"><h3 class=\"elementor-image-box-title\">TEKNOLOJ\u0130 Y\u00d6NET\u0130M\u0130<\/h3><p class=\"elementor-image-box-description\"> Sembol \u0130n\u015faat, elektrik, mekanik ve alt yap\u0131 \u00e7al\u0131\u015fmalar\u0131nda kulland\u0131\u011f\u0131 y\u00fcksek teknoloji uygulamalar\u0131yla sekt\u00f6re \u00f6nc\u00fcl\u00fck etmeye devam ediyor.<\/p><\/div><\/div>\t\t\t\t<\/div>\n\t\t\t\t<\/div>\n\t\t\t\t<\/div>\n\t\t\t\t\t<\/div>\n\t\t\t\t<\/div>\n\t\t<div class=\"elementor-element elementor-element-cb713a3 e-flex e-con-boxed e-con e-parent\" data-id=\"cb713a3\" data-element_type=\"container\">\n\t\t\t\t\t<div class=\"e-con-inner\">\n\t\t<div class=\"elementor-element elementor-element-6d227bd e-con-full e-flex e-con e-child\" data-id=\"6d227bd\" data-element_type=\"container\">\n\t\t\t\t<div class=\"elementor-element elementor-element-0143794 elementor-position-top elementor-widget elementor-widget-image-box\" data-id=\"0143794\" data-element_type=\"widget\" data-widget_type=\"image-box.default\">\n\t\t\t\t<div class=\"elementor-widget-container\">\n\t\t\t\t\t<div class=\"elementor-image-box-wrapper\"><figure class=\"elementor-image-box-img\"><img loading=\"lazy\" decoding=\"async\" width=\"736\" height=\"400\" src=\"https:\/\/sembolinsaat.com.tr\/wp-content\/uploads\/2025\/02\/service6.jpg\" class=\"attachment-full size-full wp-image-987744\" alt=\"\" srcset=\"https:\/\/sembolinsaat.com.tr\/wp-content\/uploads\/2025\/02\/service6.jpg 736w, https:\/\/sembolinsaat.com.tr\/wp-content\/uploads\/2025\/02\/service6-300x163.jpg 300w\" sizes=\"(max-width: 736px) 100vw, 736px\" \/><\/figure><div class=\"elementor-image-box-content\"><h3 class=\"elementor-image-box-title\">GENEL M\u00dcHEND\u0130SL\u0130K<\/h3><p class=\"elementor-image-box-description\">\u0130n\u015faat projelerinde b\u00fcy\u00fck deneyime sahip olan Sembol \u0130n\u015faat, 10\u2019dan fazla \u00fclkede genel m\u00fcteahhitlik hizmetleriyle e\u015fsiz eri\u015fim ve uzmanl\u0131\u011fa sahiptir.<\/p><\/div><\/div>\t\t\t\t<\/div>\n\t\t\t\t<\/div>\n\t\t\t\t<\/div>\n\t\t<div class=\"elementor-element elementor-element-cd388b4 e-con-full e-flex e-con e-child\" data-id=\"cd388b4\" data-element_type=\"container\">\n\t\t\t\t<div class=\"elementor-element elementor-element-06ca519 elementor-position-top elementor-widget elementor-widget-image-box\" data-id=\"06ca519\" data-element_type=\"widget\" data-widget_type=\"image-box.default\">\n\t\t\t\t<div class=\"elementor-widget-container\">\n\t\t\t\t\t<div class=\"elementor-image-box-wrapper\"><figure class=\"elementor-image-box-img\"><img loading=\"lazy\" decoding=\"async\" width=\"736\" height=\"400\" src=\"https:\/\/sembolinsaat.com.tr\/wp-content\/uploads\/2025\/02\/service7.jpg\" class=\"attachment-large size-large wp-image-987745\" alt=\"\" srcset=\"https:\/\/sembolinsaat.com.tr\/wp-content\/uploads\/2025\/02\/service7.jpg 736w, https:\/\/sembolinsaat.com.tr\/wp-content\/uploads\/2025\/02\/service7-300x163.jpg 300w\" sizes=\"(max-width: 736px) 100vw, 736px\" \/><\/figure><div class=\"elementor-image-box-content\"><h3 class=\"elementor-image-box-title\">PROJE Y\u00d6NET\u0130M\u0130<\/h3><p class=\"elementor-image-box-description\">Sembol \u0130n\u015faat, y\u0131llard\u0131r sa\u011flad\u0131\u011f\u0131 birinci s\u0131n\u0131f in\u015faat proje y\u00f6netimi ile malzeme, ekipman, ta\u015feron ve tedarik\u00e7i hizmeti, binlerce i\u015f\u00e7i ve milyonlarca dolar i\u00e7eren karma\u015f\u0131k i\u015flerin b\u00fct\u00fcn\u00fcn\u00fc ve projelerindeki t\u00fcm operasyonlar\u0131 ba\u015far\u0131yla ger\u00e7ekle\u015ftirerek sekt\u00f6r\u00fcn \u00f6nde gelen firmalar\u0131ndan biri olmu\u015ftur.<\/p><\/div><\/div>\t\t\t\t<\/div>\n\t\t\t\t<\/div>\n\t\t\t\t<\/div>\n\t\t\t\t\t<\/div>\n\t\t\t\t<\/div>\n\t\t\t\t<\/div>","protected":false},"excerpt":{"rendered":"<p>TURNKEY CONSTRUCTION CONTRACTS \u00a0To provide the clients with the best construction practices and best solutions Sembol Insaat renders services together with subcontractors, designers, consultants, private companies and its own specialist team, in case of need provides turnkey construction solutions coordinating and planning these groups. DESIGN &#038; BUILD Sembol Insaat provides design services to fulfill the&#8230;<\/p>","protected":false},"author":1,"featured_media":0,"parent":6872,"menu_order":0,"comment_status":"closed","ping_status":"closed","template":"","meta":{"footnotes":""},"class_list":["post-5308","page","type-page","status-publish","hentry"],"_links":{"self":[{"href":"https:\/\/sembolinsaat.com.tr\/tr\/wp-json\/wp\/v2\/pages\/5308","targetHints":{"allow":["GET"]}}],"collection":[{"href":"https:\/\/sembolinsaat.com.tr\/tr\/wp-json\/wp\/v2\/pages"}],"about":[{"href":"https:\/\/sembolinsaat.com.tr\/tr\/wp-json\/wp\/v2\/types\/page"}],"author":[{"embeddable":true,"href":"https:\/\/sembolinsaat.com.tr\/tr\/wp-json\/wp\/v2\/users\/1"}],"replies":[{"embeddable":true,"href":"https:\/\/sembolinsaat.com.tr\/tr\/wp-json\/wp\/v2\/comments?post=5308"}],"version-history":[{"count":21,"href":"https:\/\/sembolinsaat.com.tr\/tr\/wp-json\/wp\/v2\/pages\/5308\/revisions"}],"predecessor-version":[{"id":989074,"href":"https:\/\/sembolinsaat.com.tr\/tr\/wp-json\/wp\/v2\/pages\/5308\/revisions\/989074"}],"up":[{"embeddable":true,"href":"https:\/\/sembolinsaat.com.tr\/tr\/wp-json\/wp\/v2\/pages\/6872"}],"wp:attachment":[{"href":"https:\/\/sembolinsaat.com.tr\/tr\/wp-json\/wp\/v2\/media?parent=5308"}],"curies":[{"name":"wp","href":"https:\/\/api.w.org\/{rel}","templated":true}]}}